{"id":326,"date":"2021-08-17T01:16:41","date_gmt":"2021-08-17T01:16:41","guid":{"rendered":"https:\/\/vidrocerto.org.br\/vc-novo\/?page_id=326"},"modified":"2023-11-09T18:41:25","modified_gmt":"2023-11-09T18:41:25","slug":"vidro-aramado","status":"publish","type":"page","link":"https:\/\/vidrocerto.org.br\/vc-novo\/vidro-aramado\/","title":{"rendered":"Vidro Aramado"},"content":{"rendered":"\t\t<div data-elementor-type=\"wp-page\" data-elementor-id=\"326\" class=\"elementor elementor-326\" data-elementor-settings=\"{&quot;ha_cmc_init_switcher&quot;:&quot;no&quot;}\">\n\t\t\t\t\t\t<section class=\"elementor-section elementor-top-section elementor-element elementor-element-6dff235 elementor-section-boxed elementor-section-height-default elementor-section-height-default wpr-particle-no wpr-jarallax-no wpr-parallax-no wpr-sticky-section-no wpr-equal-height-no\" data-id=\"6dff235\" data-element_type=\"section\" data-e-type=\"section\" data-settings=\"{&quot;background_background&quot;:&quot;classic&quot;,&quot;_ha_eqh_enable&quot;:false}\">\n\t\t\t\t\t\t\t<div class=\"elementor-background-overlay\"><\/div>\n\t\t\t\t\t\t\t<div class=\"elementor-container elementor-column-gap-default\">\n\t\t\t\t\t<div class=\"elementor-column elementor-col-100 elementor-top-column elementor-element elementor-element-27a228b\" data-id=\"27a228b\" data-element_type=\"column\" data-e-type=\"column\">\n\t\t\t<div class=\"elementor-widget-wrap elementor-element-populated\">\n\t\t\t\t\t\t<div class=\"elementor-element elementor-element-ff11e34 elementor-widget elementor-widget-spacer\" data-id=\"ff11e34\" data-element_type=\"widget\" data-e-type=\"widget\" data-widget_type=\"spacer.default\">\n\t\t\t\t<div class=\"elementor-widget-container\">\n\t\t\t\t\t\t\t<div class=\"elementor-spacer\">\n\t\t\t<div class=\"elementor-spacer-inner\"><\/div>\n\t\t<\/div>\n\t\t\t\t\t\t<\/div>\n\t\t\t\t<\/div>\n\t\t\t\t<div class=\"elementor-element elementor-element-75d8b15 elementor-invisible elementor-widget elementor-widget-heading\" data-id=\"75d8b15\" data-element_type=\"widget\" data-e-type=\"widget\" data-settings=\"{&quot;_animation&quot;:&quot;fadeIn&quot;}\" data-widget_type=\"heading.default\">\n\t\t\t\t<div class=\"elementor-widget-container\">\n\t\t\t\t\t<h2 class=\"elementor-heading-title elementor-size-default\">VIDRO <STRONG>ARAMADO<\/h2>\t\t\t\t<\/div>\n\t\t\t\t<\/div>\n\t\t\t\t<div class=\"elementor-element elementor-element-e09f308 elementor-hidden-phone elementor-widget elementor-widget-spacer\" data-id=\"e09f308\" data-element_type=\"widget\" data-e-type=\"widget\" data-widget_type=\"spacer.default\">\n\t\t\t\t<div class=\"elementor-widget-container\">\n\t\t\t\t\t\t\t<div class=\"elementor-spacer\">\n\t\t\t<div class=\"elementor-spacer-inner\"><\/div>\n\t\t<\/div>\n\t\t\t\t\t\t<\/div>\n\t\t\t\t<\/div>\n\t\t\t\t\t<\/div>\n\t\t<\/div>\n\t\t\t\t\t<\/div>\n\t\t<\/section>\n\t\t\t\t<section class=\"elementor-section elementor-top-section elementor-element elementor-element-22769f2 elementor-section-boxed elementor-section-height-default elementor-section-height-default wpr-particle-no wpr-jarallax-no wpr-parallax-no wpr-sticky-section-no wpr-equal-height-no\" data-id=\"22769f2\" data-element_type=\"section\" data-e-type=\"section\" data-settings=\"{&quot;_ha_eqh_enable&quot;:false}\">\n\t\t\t\t\t\t<div class=\"elementor-container elementor-column-gap-default\">\n\t\t\t\t\t<div class=\"elementor-column elementor-col-100 elementor-top-column elementor-element elementor-element-fd46977\" data-id=\"fd46977\" data-element_type=\"column\" data-e-type=\"column\" data-settings=\"{&quot;background_background&quot;:&quot;classic&quot;}\">\n\t\t\t<div class=\"elementor-widget-wrap elementor-element-populated\">\n\t\t\t\t\t\t<div class=\"elementor-element elementor-element-50d8357 elementor-widget elementor-widget-text-editor\" data-id=\"50d8357\" data-element_type=\"widget\" data-e-type=\"widget\" data-widget_type=\"text-editor.default\">\n\t\t\t\t<div class=\"elementor-widget-container\">\n\t\t\t\t\t\t\t\t\t<p>O\u00a0vidro\u00a0aramado\u00a0\u00e9 aquele que possui\u00a0uma\u00a0malha\u00a0de\u00a0a\u00e7o\u00a0no meio da massa do vidro com a\u00a0fun\u00e7\u00e3o\u00a0de\u00a0manter\u00a0os\u00a0estilha\u00e7os\u00a0juntos\u00a0no caso de quebra.<\/p><p>Este vidro tamb\u00e9m tem um grande apelo est\u00e9tico sendo escolhido para ambienta\u00e7\u00e3o quando se busca privacidade sem perda de luminosidade entre os ambientes devido sua superf\u00edcie texturizada.<\/p><p>Quando a quest\u00e3o \u00e9 a seguran\u00e7a percebemos uma redu\u00e7\u00e3o do uso deste vidro visto existirem outras op\u00e7\u00f5es, como o laminado, que atendem melhor o consumidor neste quesito.<\/p><p>O vidro\u00a0aramado\u00a0n\u00e3o\u00a0deve\u00a0ser aplicado com suas\u00a0bordas\u00a0expostas, evitando a oxida\u00e7\u00e3o do a\u00e7o.<\/p>\t\t\t\t\t\t\t\t<\/div>\n\t\t\t\t<\/div>\n\t\t\t\t<div class=\"elementor-element elementor-element-d9acbb9 elementor-widget elementor-widget-image\" data-id=\"d9acbb9\" data-element_type=\"widget\" data-e-type=\"widget\" data-widget_type=\"image.default\">\n\t\t\t\t<div class=\"elementor-widget-container\">\n\t\t\t\t\t\t\t\t\t\t\t\t\t\t\t\t<a href=\"https:\/\/vidrocerto.org.br\/vc-novo\/wp-content\/uploads\/2022\/07\/Aramado.jpg\" data-elementor-open-lightbox=\"yes\" data-elementor-lightbox-title=\"Aramado\" data-e-action-hash=\"#elementor-action%3Aaction%3Dlightbox%26settings%3DeyJpZCI6MjYxNSwidXJsIjoiaHR0cHM6XC9cL3ZpZHJvY2VydG8ub3JnLmJyXC92Yy1ub3ZvXC93cC1jb250ZW50XC91cGxvYWRzXC8yMDIyXC8wN1wvQXJhbWFkby5qcGcifQ%3D%3D\">\n\t\t\t\t\t\t\t<img fetchpriority=\"high\" decoding=\"async\" width=\"580\" height=\"317\" src=\"https:\/\/vidrocerto.org.br\/vc-novo\/wp-content\/uploads\/2022\/07\/Aramado-1024x559.jpg\" class=\"attachment-large size-large wp-image-2615\" alt=\"\" srcset=\"https:\/\/vidrocerto.org.br\/vc-novo\/wp-content\/uploads\/2022\/07\/Aramado-1024x559.jpg 1024w, https:\/\/vidrocerto.org.br\/vc-novo\/wp-content\/uploads\/2022\/07\/Aramado-300x164.jpg 300w, https:\/\/vidrocerto.org.br\/vc-novo\/wp-content\/uploads\/2022\/07\/Aramado-768x419.jpg 768w, https:\/\/vidrocerto.org.br\/vc-novo\/wp-content\/uploads\/2022\/07\/Aramado.jpg 1100w\" sizes=\"(max-width: 580px) 100vw, 580px\" \/>\t\t\t\t\t\t\t\t<\/a>\n\t\t\t\t\t\t\t\t\t\t\t\t\t\t\t<\/div>\n\t\t\t\t<\/div>\n\t\t\t\t<div class=\"elementor-element elementor-element-f90d9d2 elementor-hidden-desktop elementor-hidden-tablet elementor-hidden-mobile elementor-invisible elementor-widget elementor-widget-heading\" data-id=\"f90d9d2\" data-element_type=\"widget\" data-e-type=\"widget\" data-settings=\"{&quot;_animation&quot;:&quot;fadeIn&quot;}\" data-widget_type=\"heading.default\">\n\t\t\t\t<div class=\"elementor-widget-container\">\n\t\t\t\t\t<h2 class=\"elementor-heading-title elementor-size-default\">CONTE\u00daDO<br>  <strong>CERTO! <\/strong><\/h2>\t\t\t\t<\/div>\n\t\t\t\t<\/div>\n\t\t\t\t<div class=\"elementor-element elementor-element-2b1af2d elementor-hidden-desktop elementor-hidden-tablet elementor-hidden-mobile elementor-widget elementor-widget-text-editor\" data-id=\"2b1af2d\" data-element_type=\"widget\" data-e-type=\"widget\" data-widget_type=\"text-editor.default\">\n\t\t\t\t<div class=\"elementor-widget-container\">\n\t\t\t\t\t\t\t\t\t<p class=\"p1\"><span class=\"s1\">Encontre o Guia ou Manual Certo para ajudar voc\u00ea a especificar corretamente o vidro na hora dos seus projeto!\u00a0<\/span><\/p>\t\t\t\t\t\t\t\t<\/div>\n\t\t\t\t<\/div>\n\t\t\t\t\t<\/div>\n\t\t<\/div>\n\t\t\t\t\t<\/div>\n\t\t<\/section>\n\t\t\t\t<section class=\"elementor-section elementor-top-section elementor-element elementor-element-b5f38a0 elementor-section-boxed elementor-section-height-default elementor-section-height-default wpr-particle-no wpr-jarallax-no wpr-parallax-no wpr-sticky-section-no wpr-equal-height-no\" data-id=\"b5f38a0\" data-element_type=\"section\" data-e-type=\"section\" data-settings=\"{&quot;background_background&quot;:&quot;classic&quot;,&quot;_ha_eqh_enable&quot;:false}\">\n\t\t\t\t\t\t<div class=\"elementor-container elementor-column-gap-default\">\n\t\t\t\t\t<div class=\"elementor-column elementor-col-50 elementor-top-column elementor-element elementor-element-f4843e4\" data-id=\"f4843e4\" data-element_type=\"column\" data-e-type=\"column\">\n\t\t\t<div class=\"elementor-widget-wrap elementor-element-populated\">\n\t\t\t\t\t\t<div class=\"elementor-element elementor-element-4518275 elementor-widget elementor-widget-image\" data-id=\"4518275\" data-element_type=\"widget\" data-e-type=\"widget\" data-widget_type=\"image.default\">\n\t\t\t\t<div class=\"elementor-widget-container\">\n\t\t\t\t\t\t\t\t\t\t\t\t\t\t\t<img decoding=\"async\" src=\"https:\/\/vidrocerto.org.br\/vc-novo\/wp-content\/uploads\/elementor\/thumbs\/logo_vidro_certo_300x300-q1kt6a779a4neds9zxvedav8opa3byfvepo9s4hxw0.png\" title=\"logo_vidro_certo_300x300\" alt=\"logo_vidro_certo_300x300\" loading=\"lazy\" \/>\t\t\t\t\t\t\t\t\t\t\t\t\t\t\t<\/div>\n\t\t\t\t<\/div>\n\t\t\t\t<div class=\"elementor-element elementor-element-2a0624b elementor-shape-square elementor-grid-0 e-grid-align-center elementor-widget elementor-widget-social-icons\" data-id=\"2a0624b\" data-element_type=\"widget\" data-e-type=\"widget\" data-widget_type=\"social-icons.default\">\n\t\t\t\t<div class=\"elementor-widget-container\">\n\t\t\t\t\t\t\t<div class=\"elementor-social-icons-wrapper elementor-grid\" role=\"list\">\n\t\t\t\t\t\t\t<span class=\"elementor-grid-item\" role=\"listitem\">\n\t\t\t\t\t<a class=\"elementor-icon elementor-social-icon elementor-social-icon-facebook elementor-animation-grow elementor-repeater-item-e7ce608\" href=\"https:\/\/www.facebook.com\/Portal-Vidro-Certo-102213554940748\" target=\"_blank\">\n\t\t\t\t\t\t<span class=\"elementor-screen-only\">Facebook<\/span>\n\t\t\t\t\t\t<i aria-hidden=\"true\" class=\"fab fa-facebook\"><\/i>\t\t\t\t\t<\/a>\n\t\t\t\t<\/span>\n\t\t\t\t\t\t\t<span class=\"elementor-grid-item\" role=\"listitem\">\n\t\t\t\t\t<a class=\"elementor-icon elementor-social-icon elementor-social-icon-instagram elementor-animation-grow elementor-repeater-item-eca31ca\" href=\"https:\/\/www.instagram.com\/portal_vidro_certo\/\" target=\"_blank\">\n\t\t\t\t\t\t<span class=\"elementor-screen-only\">Instagram<\/span>\n\t\t\t\t\t\t<i aria-hidden=\"true\" class=\"fab fa-instagram\"><\/i>\t\t\t\t\t<\/a>\n\t\t\t\t<\/span>\n\t\t\t\t\t\t\t<span class=\"elementor-grid-item\" role=\"listitem\">\n\t\t\t\t\t<a class=\"elementor-icon elementor-social-icon elementor-social-icon-youtube elementor-animation-grow elementor-repeater-item-5cbb56a\" href=\"https:\/\/www.youtube.com\/channel\/UCa3dLbcf0VEyUZq6uoRqDjg\" target=\"_blank\">\n\t\t\t\t\t\t<span class=\"elementor-screen-only\">Youtube<\/span>\n\t\t\t\t\t\t<i aria-hidden=\"true\" class=\"fab fa-youtube\"><\/i>\t\t\t\t\t<\/a>\n\t\t\t\t<\/span>\n\t\t\t\t\t\t\t<span class=\"elementor-grid-item\" role=\"listitem\">\n\t\t\t\t\t<a class=\"elementor-icon elementor-social-icon elementor-social-icon-linkedin elementor-animation-grow elementor-repeater-item-6bc9cf4\" href=\"https:\/\/www.linkedin.com\/company\/portal-vidro-certo\/\" target=\"_blank\">\n\t\t\t\t\t\t<span class=\"elementor-screen-only\">Linkedin<\/span>\n\t\t\t\t\t\t<i aria-hidden=\"true\" class=\"fab fa-linkedin\"><\/i>\t\t\t\t\t<\/a>\n\t\t\t\t<\/span>\n\t\t\t\t\t<\/div>\n\t\t\t\t\t\t<\/div>\n\t\t\t\t<\/div>\n\t\t\t\t\t<\/div>\n\t\t<\/div>\n\t\t\t\t<div class=\"elementor-column elementor-col-50 elementor-top-column elementor-element elementor-element-9463373\" data-id=\"9463373\" data-element_type=\"column\" data-e-type=\"column\">\n\t\t\t<div class=\"elementor-widget-wrap elementor-element-populated\">\n\t\t\t\t\t\t<div class=\"elementor-element elementor-element-c4fb463 elementor-widget elementor-widget-text-editor\" data-id=\"c4fb463\" data-element_type=\"widget\" data-e-type=\"widget\" data-widget_type=\"text-editor.default\">\n\t\t\t\t<div class=\"elementor-widget-container\">\n\t\t\t\t\t\t\t\t\t<p>O portal Vidro Certo \u00e9 uma iniciativa da <a href=\"https:\/\/abividro.org.br\/\">ABIVIDRO<\/a>, e segue suas diretrizes de <a href=\"https:\/\/abividro.org.br\/politica-de-privacidade\/\">Pol\u00edtica de Privacidade.<\/a><\/p><div class=\"wpb_text_column wpb_content_element text-legal\"><div class=\"wpb_wrapper\"><p>O conte\u00fado fornecido para esta p\u00e1gina est\u00e1 dispon\u00edvel somente para fins informativos. A Abividro n\u00e3o se responsabiliza pelo conte\u00fado dos sites vinculados, bem como por suas pr\u00e1ticas individuais. Os sites cujos links s\u00e3o fornecidos em nossas p\u00e1ginas possuem seus pr\u00f3prios termos e condi\u00e7\u00f5es e pol\u00edticas de privacidade, e devem ser avaliados individualmente.\u00a0<a href=\"https:\/\/abividro.org.br\/abividro\/codigo-de-conduta\/\">Clique aqui<\/a>\u00a0e leia nosso C\u00f3digo de Conduta.<\/p><\/div><\/div>\t\t\t\t\t\t\t\t<\/div>\n\t\t\t\t<\/div>\n\t\t\t\t\t<\/div>\n\t\t<\/div>\n\t\t\t\t\t<\/div>\n\t\t<\/section>\n\t\t\t\t<\/div>\n\t\t","protected":false},"excerpt":{"rendered":"<p>VIDRO ARAMADO O\u00a0vidro\u00a0aramado\u00a0\u00e9 aquele que possui\u00a0uma\u00a0malha\u00a0de\u00a0a\u00e7o\u00a0no meio da massa do vidro com a\u00a0fun\u00e7\u00e3o\u00a0de\u00a0manter\u00a0os\u00a0estilha\u00e7os\u00a0juntos\u00a0no caso de quebra. Este vidro tamb\u00e9m tem um grande apelo est\u00e9tico sendo escolhido para ambienta\u00e7\u00e3o quando se busca privacidade sem perda de luminosidade entre os ambientes devido sua superf\u00edcie texturizada. Quando a quest\u00e3o \u00e9 a seguran\u00e7a percebemos uma redu\u00e7\u00e3o do uso deste vidro visto existirem outras op\u00e7\u00f5es, como o laminado, que atendem melhor o consumidor neste quesito. O vidro\u00a0aramado\u00a0n\u00e3o\u00a0deve\u00a0ser aplicado com suas\u00a0bordas\u00a0expostas, evitando a oxida\u00e7\u00e3o do a\u00e7o. CONTE\u00daDO CERTO! Encontre o Guia ou Manual Certo para ajudar voc\u00ea a especificar corretamente o vidro na hora dos seus projeto!\u00a0 Facebook Instagram Youtube Linkedin O portal Vidro Certo \u00e9 uma iniciativa da ABIVIDRO, e segue suas diretrizes de Pol\u00edtica de Privacidade. O conte\u00fado fornecido para esta p\u00e1gina est\u00e1 dispon\u00edvel somente para fins informativos. A Abividro n\u00e3o se responsabiliza pelo conte\u00fado dos sites vinculados, bem como por suas pr\u00e1ticas individuais. Os sites cujos links s\u00e3o fornecidos em nossas p\u00e1ginas possuem seus pr\u00f3prios termos e condi\u00e7\u00f5es e pol\u00edticas de privacidade, e devem ser avaliados individualmente.\u00a0Clique aqui\u00a0e leia nosso C\u00f3digo de Conduta.<\/p>\n","protected":false},"author":1,"featured_media":0,"parent":0,"menu_order":0,"comment_status":"closed","ping_status":"closed","template":"elementor_header_footer","meta":{"inline_featured_image":false,"footnotes":""},"class_list":["post-326","page","type-page","status-publish","hentry"],"yoast_head":"<!-- This site is optimized with the Yoast SEO plugin v27.4 - https:\/\/yoast.com\/product\/yoast-seo-wordpress\/ -->\n<title>Vidro Aramado - Vidro Certo<\/title>\n<meta name=\"robots\" content=\"index, follow, max-snippet:-1, max-image-preview:large, max-video-preview:-1\" \/>\n<link rel=\"canonical\" href=\"https:\/\/vidrocerto.org.br\/vc-novo\/vidro-aramado\/\" \/>\n<meta property=\"og:locale\" content=\"pt_BR\" \/>\n<meta property=\"og:type\" content=\"article\" \/>\n<meta property=\"og:title\" content=\"Vidro Aramado - Vidro Certo\" \/>\n<meta property=\"og:description\" content=\"VIDRO ARAMADO O\u00a0vidro\u00a0aramado\u00a0\u00e9 aquele que possui\u00a0uma\u00a0malha\u00a0de\u00a0a\u00e7o\u00a0no meio da massa do vidro com a\u00a0fun\u00e7\u00e3o\u00a0de\u00a0manter\u00a0os\u00a0estilha\u00e7os\u00a0juntos\u00a0no caso de quebra. Este vidro tamb\u00e9m tem um grande apelo est\u00e9tico sendo escolhido para ambienta\u00e7\u00e3o quando se busca privacidade sem perda de luminosidade entre os ambientes devido sua superf\u00edcie texturizada. Quando a quest\u00e3o \u00e9 a seguran\u00e7a percebemos uma redu\u00e7\u00e3o do uso deste vidro visto existirem outras op\u00e7\u00f5es, como o laminado, que atendem melhor o consumidor neste quesito. O vidro\u00a0aramado\u00a0n\u00e3o\u00a0deve\u00a0ser aplicado com suas\u00a0bordas\u00a0expostas, evitando a oxida\u00e7\u00e3o do a\u00e7o. CONTE\u00daDO CERTO! Encontre o Guia ou Manual Certo para ajudar voc\u00ea a especificar corretamente o vidro na hora dos seus projeto!\u00a0 Facebook Instagram Youtube Linkedin O portal Vidro Certo \u00e9 uma iniciativa da ABIVIDRO, e segue suas diretrizes de Pol\u00edtica de Privacidade. O conte\u00fado fornecido para esta p\u00e1gina est\u00e1 dispon\u00edvel somente para fins informativos. A Abividro n\u00e3o se responsabiliza pelo conte\u00fado dos sites vinculados, bem como por suas pr\u00e1ticas individuais. Os sites cujos links s\u00e3o fornecidos em nossas p\u00e1ginas possuem seus pr\u00f3prios termos e condi\u00e7\u00f5es e pol\u00edticas de privacidade, e devem ser avaliados individualmente.\u00a0Clique aqui\u00a0e leia nosso C\u00f3digo de Conduta.\" \/>\n<meta property=\"og:url\" content=\"https:\/\/vidrocerto.org.br\/vc-novo\/vidro-aramado\/\" \/>\n<meta property=\"og:site_name\" content=\"Vidro Certo\" \/>\n<meta property=\"article:publisher\" content=\"https:\/\/www.facebook.com\/profile.php?id=100063684271289\" \/>\n<meta property=\"article:modified_time\" content=\"2023-11-09T18:41:25+00:00\" \/>\n<meta property=\"og:image\" content=\"https:\/\/vidrocerto.org.br\/vc-novo\/wp-content\/uploads\/2022\/07\/Aramado-1024x559.jpg\" \/>\n<meta name=\"twitter:card\" content=\"summary_large_image\" \/>\n<meta name=\"twitter:label1\" content=\"Est. tempo de leitura\" \/>\n\t<meta name=\"twitter:data1\" content=\"2 minutos\" \/>\n<script type=\"application\/ld+json\" class=\"yoast-schema-graph\">{\"@context\":\"https:\\\/\\\/schema.org\",\"@graph\":[{\"@type\":\"WebPage\",\"@id\":\"https:\\\/\\\/vidrocerto.org.br\\\/vc-novo\\\/vidro-aramado\\\/\",\"url\":\"https:\\\/\\\/vidrocerto.org.br\\\/vc-novo\\\/vidro-aramado\\\/\",\"name\":\"Vidro Aramado - Vidro Certo\",\"isPartOf\":{\"@id\":\"https:\\\/\\\/vidrocerto.org.br\\\/vc-novo\\\/#website\"},\"primaryImageOfPage\":{\"@id\":\"https:\\\/\\\/vidrocerto.org.br\\\/vc-novo\\\/vidro-aramado\\\/#primaryimage\"},\"image\":{\"@id\":\"https:\\\/\\\/vidrocerto.org.br\\\/vc-novo\\\/vidro-aramado\\\/#primaryimage\"},\"thumbnailUrl\":\"https:\\\/\\\/vidrocerto.org.br\\\/vc-novo\\\/wp-content\\\/uploads\\\/2022\\\/07\\\/Aramado-1024x559.jpg\",\"datePublished\":\"2021-08-17T01:16:41+00:00\",\"dateModified\":\"2023-11-09T18:41:25+00:00\",\"breadcrumb\":{\"@id\":\"https:\\\/\\\/vidrocerto.org.br\\\/vc-novo\\\/vidro-aramado\\\/#breadcrumb\"},\"inLanguage\":\"pt-BR\",\"potentialAction\":[{\"@type\":\"ReadAction\",\"target\":[\"https:\\\/\\\/vidrocerto.org.br\\\/vc-novo\\\/vidro-aramado\\\/\"]}]},{\"@type\":\"ImageObject\",\"inLanguage\":\"pt-BR\",\"@id\":\"https:\\\/\\\/vidrocerto.org.br\\\/vc-novo\\\/vidro-aramado\\\/#primaryimage\",\"url\":\"https:\\\/\\\/vidrocerto.org.br\\\/vc-novo\\\/wp-content\\\/uploads\\\/2022\\\/07\\\/Aramado.jpg\",\"contentUrl\":\"https:\\\/\\\/vidrocerto.org.br\\\/vc-novo\\\/wp-content\\\/uploads\\\/2022\\\/07\\\/Aramado.jpg\",\"width\":1100,\"height\":600},{\"@type\":\"BreadcrumbList\",\"@id\":\"https:\\\/\\\/vidrocerto.org.br\\\/vc-novo\\\/vidro-aramado\\\/#breadcrumb\",\"itemListElement\":[{\"@type\":\"ListItem\",\"position\":1,\"name\":\"In\u00edcio\",\"item\":\"https:\\\/\\\/vidrocerto.org.br\\\/vc-novo\\\/\"},{\"@type\":\"ListItem\",\"position\":2,\"name\":\"Vidro Aramado\"}]},{\"@type\":\"WebSite\",\"@id\":\"https:\\\/\\\/vidrocerto.org.br\\\/vc-novo\\\/#website\",\"url\":\"https:\\\/\\\/vidrocerto.org.br\\\/vc-novo\\\/\",\"name\":\"Vidro Certo\",\"description\":\"Seu portal do vidro plano\",\"publisher\":{\"@id\":\"https:\\\/\\\/vidrocerto.org.br\\\/vc-novo\\\/#organization\"},\"potentialAction\":[{\"@type\":\"SearchAction\",\"target\":{\"@type\":\"EntryPoint\",\"urlTemplate\":\"https:\\\/\\\/vidrocerto.org.br\\\/vc-novo\\\/?s={search_term_string}\"},\"query-input\":{\"@type\":\"PropertyValueSpecification\",\"valueRequired\":true,\"valueName\":\"search_term_string\"}}],\"inLanguage\":\"pt-BR\"},{\"@type\":\"Organization\",\"@id\":\"https:\\\/\\\/vidrocerto.org.br\\\/vc-novo\\\/#organization\",\"name\":\"Vidro Certo\",\"url\":\"https:\\\/\\\/vidrocerto.org.br\\\/vc-novo\\\/\",\"logo\":{\"@type\":\"ImageObject\",\"inLanguage\":\"pt-BR\",\"@id\":\"https:\\\/\\\/vidrocerto.org.br\\\/vc-novo\\\/#\\\/schema\\\/logo\\\/image\\\/\",\"url\":\"https:\\\/\\\/vidrocerto.org.br\\\/vc-novo\\\/wp-content\\\/uploads\\\/2023\\\/02\\\/logo_vidro_certo_150x150.png\",\"contentUrl\":\"https:\\\/\\\/vidrocerto.org.br\\\/vc-novo\\\/wp-content\\\/uploads\\\/2023\\\/02\\\/logo_vidro_certo_150x150.png\",\"width\":150,\"height\":150,\"caption\":\"Vidro Certo\"},\"image\":{\"@id\":\"https:\\\/\\\/vidrocerto.org.br\\\/vc-novo\\\/#\\\/schema\\\/logo\\\/image\\\/\"},\"sameAs\":[\"https:\\\/\\\/www.facebook.com\\\/profile.php?id=100063684271289\",\"https:\\\/\\\/www.instagram.com\\\/\"]}]}<\/script>\n<!-- \/ Yoast SEO plugin. -->","yoast_head_json":{"title":"Vidro Aramado - Vidro Certo","robots":{"index":"index","follow":"follow","max-snippet":"max-snippet:-1","max-image-preview":"max-image-preview:large","max-video-preview":"max-video-preview:-1"},"canonical":"https:\/\/vidrocerto.org.br\/vc-novo\/vidro-aramado\/","og_locale":"pt_BR","og_type":"article","og_title":"Vidro Aramado - Vidro Certo","og_description":"VIDRO ARAMADO O\u00a0vidro\u00a0aramado\u00a0\u00e9 aquele que possui\u00a0uma\u00a0malha\u00a0de\u00a0a\u00e7o\u00a0no meio da massa do vidro com a\u00a0fun\u00e7\u00e3o\u00a0de\u00a0manter\u00a0os\u00a0estilha\u00e7os\u00a0juntos\u00a0no caso de quebra. Este vidro tamb\u00e9m tem um grande apelo est\u00e9tico sendo escolhido para ambienta\u00e7\u00e3o quando se busca privacidade sem perda de luminosidade entre os ambientes devido sua superf\u00edcie texturizada. Quando a quest\u00e3o \u00e9 a seguran\u00e7a percebemos uma redu\u00e7\u00e3o do uso deste vidro visto existirem outras op\u00e7\u00f5es, como o laminado, que atendem melhor o consumidor neste quesito. O vidro\u00a0aramado\u00a0n\u00e3o\u00a0deve\u00a0ser aplicado com suas\u00a0bordas\u00a0expostas, evitando a oxida\u00e7\u00e3o do a\u00e7o. CONTE\u00daDO CERTO! Encontre o Guia ou Manual Certo para ajudar voc\u00ea a especificar corretamente o vidro na hora dos seus projeto!\u00a0 Facebook Instagram Youtube Linkedin O portal Vidro Certo \u00e9 uma iniciativa da ABIVIDRO, e segue suas diretrizes de Pol\u00edtica de Privacidade. O conte\u00fado fornecido para esta p\u00e1gina est\u00e1 dispon\u00edvel somente para fins informativos. A Abividro n\u00e3o se responsabiliza pelo conte\u00fado dos sites vinculados, bem como por suas pr\u00e1ticas individuais. Os sites cujos links s\u00e3o fornecidos em nossas p\u00e1ginas possuem seus pr\u00f3prios termos e condi\u00e7\u00f5es e pol\u00edticas de privacidade, e devem ser avaliados individualmente.\u00a0Clique aqui\u00a0e leia nosso C\u00f3digo de Conduta.","og_url":"https:\/\/vidrocerto.org.br\/vc-novo\/vidro-aramado\/","og_site_name":"Vidro Certo","article_publisher":"https:\/\/www.facebook.com\/profile.php?id=100063684271289","article_modified_time":"2023-11-09T18:41:25+00:00","og_image":[{"url":"https:\/\/vidrocerto.org.br\/vc-novo\/wp-content\/uploads\/2022\/07\/Aramado-1024x559.jpg","type":"","width":"","height":""}],"twitter_card":"summary_large_image","twitter_misc":{"Est. tempo de leitura":"2 minutos"},"schema":{"@context":"https:\/\/schema.org","@graph":[{"@type":"WebPage","@id":"https:\/\/vidrocerto.org.br\/vc-novo\/vidro-aramado\/","url":"https:\/\/vidrocerto.org.br\/vc-novo\/vidro-aramado\/","name":"Vidro Aramado - Vidro Certo","isPartOf":{"@id":"https:\/\/vidrocerto.org.br\/vc-novo\/#website"},"primaryImageOfPage":{"@id":"https:\/\/vidrocerto.org.br\/vc-novo\/vidro-aramado\/#primaryimage"},"image":{"@id":"https:\/\/vidrocerto.org.br\/vc-novo\/vidro-aramado\/#primaryimage"},"thumbnailUrl":"https:\/\/vidrocerto.org.br\/vc-novo\/wp-content\/uploads\/2022\/07\/Aramado-1024x559.jpg","datePublished":"2021-08-17T01:16:41+00:00","dateModified":"2023-11-09T18:41:25+00:00","breadcrumb":{"@id":"https:\/\/vidrocerto.org.br\/vc-novo\/vidro-aramado\/#breadcrumb"},"inLanguage":"pt-BR","potentialAction":[{"@type":"ReadAction","target":["https:\/\/vidrocerto.org.br\/vc-novo\/vidro-aramado\/"]}]},{"@type":"ImageObject","inLanguage":"pt-BR","@id":"https:\/\/vidrocerto.org.br\/vc-novo\/vidro-aramado\/#primaryimage","url":"https:\/\/vidrocerto.org.br\/vc-novo\/wp-content\/uploads\/2022\/07\/Aramado.jpg","contentUrl":"https:\/\/vidrocerto.org.br\/vc-novo\/wp-content\/uploads\/2022\/07\/Aramado.jpg","width":1100,"height":600},{"@type":"BreadcrumbList","@id":"https:\/\/vidrocerto.org.br\/vc-novo\/vidro-aramado\/#breadcrumb","itemListElement":[{"@type":"ListItem","position":1,"name":"In\u00edcio","item":"https:\/\/vidrocerto.org.br\/vc-novo\/"},{"@type":"ListItem","position":2,"name":"Vidro Aramado"}]},{"@type":"WebSite","@id":"https:\/\/vidrocerto.org.br\/vc-novo\/#website","url":"https:\/\/vidrocerto.org.br\/vc-novo\/","name":"Vidro Certo","description":"Seu portal do vidro plano","publisher":{"@id":"https:\/\/vidrocerto.org.br\/vc-novo\/#organization"},"potentialAction":[{"@type":"SearchAction","target":{"@type":"EntryPoint","urlTemplate":"https:\/\/vidrocerto.org.br\/vc-novo\/?s={search_term_string}"},"query-input":{"@type":"PropertyValueSpecification","valueRequired":true,"valueName":"search_term_string"}}],"inLanguage":"pt-BR"},{"@type":"Organization","@id":"https:\/\/vidrocerto.org.br\/vc-novo\/#organization","name":"Vidro Certo","url":"https:\/\/vidrocerto.org.br\/vc-novo\/","logo":{"@type":"ImageObject","inLanguage":"pt-BR","@id":"https:\/\/vidrocerto.org.br\/vc-novo\/#\/schema\/logo\/image\/","url":"https:\/\/vidrocerto.org.br\/vc-novo\/wp-content\/uploads\/2023\/02\/logo_vidro_certo_150x150.png","contentUrl":"https:\/\/vidrocerto.org.br\/vc-novo\/wp-content\/uploads\/2023\/02\/logo_vidro_certo_150x150.png","width":150,"height":150,"caption":"Vidro Certo"},"image":{"@id":"https:\/\/vidrocerto.org.br\/vc-novo\/#\/schema\/logo\/image\/"},"sameAs":["https:\/\/www.facebook.com\/profile.php?id=100063684271289","https:\/\/www.instagram.com\/"]}]}},"_links":{"self":[{"href":"https:\/\/vidrocerto.org.br\/vc-novo\/wp-json\/wp\/v2\/pages\/326","targetHints":{"allow":["GET"]}}],"collection":[{"href":"https:\/\/vidrocerto.org.br\/vc-novo\/wp-json\/wp\/v2\/pages"}],"about":[{"href":"https:\/\/vidrocerto.org.br\/vc-novo\/wp-json\/wp\/v2\/types\/page"}],"author":[{"embeddable":true,"href":"https:\/\/vidrocerto.org.br\/vc-novo\/wp-json\/wp\/v2\/users\/1"}],"replies":[{"embeddable":true,"href":"https:\/\/vidrocerto.org.br\/vc-novo\/wp-json\/wp\/v2\/comments?post=326"}],"version-history":[{"count":0,"href":"https:\/\/vidrocerto.org.br\/vc-novo\/wp-json\/wp\/v2\/pages\/326\/revisions"}],"wp:attachment":[{"href":"https:\/\/vidrocerto.org.br\/vc-novo\/wp-json\/wp\/v2\/media?parent=326"}],"curies":[{"name":"wp","href":"https:\/\/api.w.org\/{rel}","templated":true}]}}