{"id":429,"date":"2021-08-17T01:48:33","date_gmt":"2021-08-17T01:48:33","guid":{"rendered":"https:\/\/vidrocerto.org.br\/vc-novo\/?page_id=429"},"modified":"2025-09-16T19:14:06","modified_gmt":"2025-09-16T19:14:06","slug":"fale-conosco","status":"publish","type":"page","link":"https:\/\/vidrocerto.org.br\/vc-novo\/fale-conosco\/","title":{"rendered":"Fale Conosco"},"content":{"rendered":"\t\t<div data-elementor-type=\"wp-page\" data-elementor-id=\"429\" class=\"elementor elementor-429\" data-elementor-settings=\"{&quot;ha_cmc_init_switcher&quot;:&quot;no&quot;}\">\n\t\t\t\t\t\t<section class=\"elementor-section elementor-top-section elementor-element elementor-element-79bedbe elementor-section-stretched elementor-section-boxed elementor-section-height-default elementor-section-height-default wpr-particle-no wpr-jarallax-no wpr-parallax-no wpr-sticky-section-no wpr-equal-height-no elementor-invisible\" data-id=\"79bedbe\" data-element_type=\"section\" data-e-type=\"section\" data-settings=\"{&quot;stretch_section&quot;:&quot;section-stretched&quot;,&quot;background_background&quot;:&quot;classic&quot;,&quot;animation&quot;:&quot;fadeIn&quot;,&quot;_ha_eqh_enable&quot;:false}\">\n\t\t\t\t\t\t\t<div class=\"elementor-background-overlay\"><\/div>\n\t\t\t\t\t\t\t<div class=\"elementor-container elementor-column-gap-default\">\n\t\t\t\t\t<div class=\"elementor-column elementor-col-50 elementor-top-column elementor-element elementor-element-3eb2425\" data-id=\"3eb2425\" data-element_type=\"column\" data-e-type=\"column\">\n\t\t\t<div class=\"elementor-widget-wrap elementor-element-populated\">\n\t\t\t\t\t\t<div class=\"elementor-element elementor-element-d6af7ac elementor-hidden-phone elementor-widget elementor-widget-spacer\" data-id=\"d6af7ac\" data-element_type=\"widget\" data-e-type=\"widget\" data-widget_type=\"spacer.default\">\n\t\t\t\t<div class=\"elementor-widget-container\">\n\t\t\t\t\t\t\t<div class=\"elementor-spacer\">\n\t\t\t<div class=\"elementor-spacer-inner\"><\/div>\n\t\t<\/div>\n\t\t\t\t\t\t<\/div>\n\t\t\t\t<\/div>\n\t\t\t\t<div class=\"elementor-element elementor-element-bec16f1 elementor-hidden-phone elementor-widget elementor-widget-spacer\" data-id=\"bec16f1\" data-element_type=\"widget\" data-e-type=\"widget\" data-widget_type=\"spacer.default\">\n\t\t\t\t<div class=\"elementor-widget-container\">\n\t\t\t\t\t\t\t<div class=\"elementor-spacer\">\n\t\t\t<div class=\"elementor-spacer-inner\"><\/div>\n\t\t<\/div>\n\t\t\t\t\t\t<\/div>\n\t\t\t\t<\/div>\n\t\t\t\t<div class=\"elementor-element elementor-element-8382394 animated-slow elementor-invisible elementor-widget elementor-widget-text-editor\" data-id=\"8382394\" data-element_type=\"widget\" data-e-type=\"widget\" data-settings=\"{&quot;_animation&quot;:&quot;fadeIn&quot;}\" data-widget_type=\"text-editor.default\">\n\t\t\t\t<div class=\"elementor-widget-container\">\n\t\t\t\t\t\t\t\t\t<p>FALE CONOSCO<\/p>\t\t\t\t\t\t\t\t<\/div>\n\t\t\t\t<\/div>\n\t\t\t\t\t<\/div>\n\t\t<\/div>\n\t\t\t\t<div class=\"elementor-column elementor-col-50 elementor-top-column elementor-element elementor-element-2ff52cc\" data-id=\"2ff52cc\" data-element_type=\"column\" data-e-type=\"column\">\n\t\t\t<div class=\"elementor-widget-wrap\">\n\t\t\t\t\t\t\t<\/div>\n\t\t<\/div>\n\t\t\t\t\t<\/div>\n\t\t<\/section>\n\t\t\t\t<section class=\"elementor-section elementor-top-section elementor-element elementor-element-40f5ba4 elementor-section-boxed elementor-section-height-default elementor-section-height-default wpr-particle-no wpr-jarallax-no wpr-parallax-no wpr-sticky-section-no wpr-equal-height-no\" data-id=\"40f5ba4\" data-element_type=\"section\" data-e-type=\"section\" data-settings=\"{&quot;_ha_eqh_enable&quot;:false}\">\n\t\t\t\t\t\t<div class=\"elementor-container elementor-column-gap-default\">\n\t\t\t\t\t<div class=\"elementor-column elementor-col-100 elementor-top-column elementor-element elementor-element-2388c54\" data-id=\"2388c54\" data-element_type=\"column\" data-e-type=\"column\" data-settings=\"{&quot;background_background&quot;:&quot;classic&quot;}\">\n\t\t\t<div class=\"elementor-widget-wrap elementor-element-populated\">\n\t\t\t\t\t\t<div class=\"elementor-element elementor-element-0b3bc93 elementor-widget elementor-widget-shortcode\" data-id=\"0b3bc93\" data-element_type=\"widget\" data-e-type=\"widget\" data-widget_type=\"shortcode.default\">\n\t\t\t\t<div class=\"elementor-widget-container\">\n\t\t\t\t\t\t\t<div class=\"elementor-shortcode\"><div class=\"forminator-ui forminator-custom-form forminator-custom-form-5958 forminator-design--default  forminator_ajax\" data-forminator-render=\"0\" data-form=\"forminator-module-5958\" data-uid=\"69ea40965f93e\"><br\/><\/div><form\n\t\t\t\tid=\"forminator-module-5958\"\n\t\t\t\tclass=\"forminator-ui forminator-custom-form forminator-custom-form-5958 forminator-design--default  forminator_ajax\"\n\t\t\t\tmethod=\"post\"\n\t\t\t\tdata-forminator-render=\"0\"\n\t\t\t\tdata-form-id=\"5958\"\n\t\t\t\t data-color-option=\"theme\" data-design=\"default\" data-grid=\"open\" style=\"display: none;\"\n\t\t\t\tdata-uid=\"69ea40965f93e\"\n\t\t\t><div role=\"alert\" aria-live=\"polite\" class=\"forminator-response-message forminator-error\" aria-hidden=\"true\"><\/div><div class=\"forminator-row\"><div id=\"name-1\" class=\"forminator-field-name forminator-col forminator-col-12 \"><div class=\"forminator-field\"><label for=\"forminator-field-name-1_69ea40965f93e\" id=\"forminator-field-name-1_69ea40965f93e-label\" class=\"forminator-label\">Nome completo <span class=\"forminator-required\">*<\/span><\/label><input type=\"text\" name=\"name-1\" value=\"\" placeholder=\"\" id=\"forminator-field-name-1_69ea40965f93e\" class=\"forminator-input forminator-name--field\" aria-required=\"true\" autocomplete=\"name\" \/><\/div><\/div><\/div><div class=\"forminator-row\"><div id=\"email-1\" class=\"forminator-field-email forminator-col forminator-col-12 \"><div class=\"forminator-field\"><label for=\"forminator-field-email-1_69ea40965f93e\" id=\"forminator-field-email-1_69ea40965f93e-label\" class=\"forminator-label\">Endere\u00e7o de E-mail <span class=\"forminator-required\">*<\/span><\/label><input type=\"email\" name=\"email-1\" value=\"\" placeholder=\"\" id=\"forminator-field-email-1_69ea40965f93e\" class=\"forminator-input forminator-email--field\" data-required=\"true\" aria-required=\"true\" autocomplete=\"email\" \/><\/div><\/div><\/div><div class=\"forminator-row\"><div id=\"textarea-1\" class=\"forminator-field-textarea forminator-col forminator-col-12 \"><div class=\"forminator-field\"><label for=\"forminator-field-textarea-1_69ea40965f93e\" id=\"forminator-field-textarea-1_69ea40965f93e-label\" class=\"forminator-label\">Mensagem<\/label><span id=\"forminator-field-textarea-1_69ea40965f93e-description\" class=\"forminator-description\"><span data-limit=\"180\" data-type=\"characters\" data-editor=\"\">0 \/ 180<\/span><\/span><textarea name=\"textarea-1\" placeholder=\"\" id=\"forminator-field-textarea-1_69ea40965f93e\" class=\"forminator-textarea\" rows=\"6\" style=\"--forminator-textarea-min-height:140px;\" maxlength=\"180\" ><\/textarea><\/div><\/div><\/div><input type=\"hidden\" name=\"referer_url\" value=\"\" \/><div class=\"forminator-row forminator-row-last\"><div class=\"forminator-col\"><div class=\"forminator-field\"><button class=\"forminator-button forminator-button-submit\">Enviar<\/button><\/div><\/div><\/div><input type=\"hidden\" id=\"forminator_nonce\" name=\"forminator_nonce\" value=\"887e41988f\" \/><input type=\"hidden\" name=\"_wp_http_referer\" value=\"\/vc-novo\/wp-json\/wp\/v2\/pages\/429\" \/><input type=\"hidden\" name=\"form_id\" value=\"5958\"><input type=\"hidden\" name=\"page_id\" value=\"429\"><input type=\"hidden\" name=\"form_type\" value=\"default\"><input type=\"hidden\" name=\"current_url\" value=\"https:\/\/vidrocerto.org.br\/vc-novo\/fale-conosco\/\"><input type=\"hidden\" name=\"render_id\" value=\"0\"><input type=\"hidden\" name=\"action\" value=\"forminator_submit_form_custom-forms\"><\/form><\/div>\n\t\t\t\t\t\t<\/div>\n\t\t\t\t<\/div>\n\t\t\t\t\t<\/div>\n\t\t<\/div>\n\t\t\t\t\t<\/div>\n\t\t<\/section>\n\t\t\t\t<section class=\"elementor-section elementor-top-section elementor-element elementor-element-3ca4c28 elementor-section-boxed elementor-section-height-default elementor-section-height-default wpr-particle-no wpr-jarallax-no wpr-parallax-no wpr-sticky-section-no wpr-equal-height-no\" data-id=\"3ca4c28\" data-element_type=\"section\" data-e-type=\"section\" data-settings=\"{&quot;background_background&quot;:&quot;classic&quot;,&quot;_ha_eqh_enable&quot;:false}\">\n\t\t\t\t\t\t<div class=\"elementor-container elementor-column-gap-default\">\n\t\t\t\t\t<div class=\"elementor-column elementor-col-50 elementor-top-column elementor-element elementor-element-11516d8\" data-id=\"11516d8\" data-element_type=\"column\" data-e-type=\"column\">\n\t\t\t<div class=\"elementor-widget-wrap elementor-element-populated\">\n\t\t\t\t\t\t<div class=\"elementor-element elementor-element-8ef6514 elementor-widget elementor-widget-image\" data-id=\"8ef6514\" data-element_type=\"widget\" data-e-type=\"widget\" data-widget_type=\"image.default\">\n\t\t\t\t<div class=\"elementor-widget-container\">\n\t\t\t\t\t\t\t\t\t\t\t\t\t\t\t<img decoding=\"async\" src=\"https:\/\/vidrocerto.org.br\/vc-novo\/wp-content\/uploads\/elementor\/thumbs\/logo_vidro_certo_300x300-q1kt6a779a4neds9zxvedav8opa3byfvepo9s4hxw0.png\" title=\"logo_vidro_certo_300x300\" alt=\"logo_vidro_certo_300x300\" loading=\"lazy\" \/>\t\t\t\t\t\t\t\t\t\t\t\t\t\t\t<\/div>\n\t\t\t\t<\/div>\n\t\t\t\t<div class=\"elementor-element elementor-element-bb78953 elementor-shape-square elementor-grid-0 e-grid-align-center elementor-widget elementor-widget-social-icons\" data-id=\"bb78953\" data-element_type=\"widget\" data-e-type=\"widget\" data-widget_type=\"social-icons.default\">\n\t\t\t\t<div class=\"elementor-widget-container\">\n\t\t\t\t\t\t\t<div class=\"elementor-social-icons-wrapper elementor-grid\" role=\"list\">\n\t\t\t\t\t\t\t<span class=\"elementor-grid-item\" role=\"listitem\">\n\t\t\t\t\t<a class=\"elementor-icon elementor-social-icon elementor-social-icon-facebook elementor-animation-grow elementor-repeater-item-e7ce608\" href=\"https:\/\/www.facebook.com\/Portal-Vidro-Certo-102213554940748\" target=\"_blank\">\n\t\t\t\t\t\t<span class=\"elementor-screen-only\">Facebook<\/span>\n\t\t\t\t\t\t<i aria-hidden=\"true\" class=\"fab fa-facebook\"><\/i>\t\t\t\t\t<\/a>\n\t\t\t\t<\/span>\n\t\t\t\t\t\t\t<span class=\"elementor-grid-item\" role=\"listitem\">\n\t\t\t\t\t<a class=\"elementor-icon elementor-social-icon elementor-social-icon-instagram elementor-animation-grow elementor-repeater-item-eca31ca\" href=\"https:\/\/www.instagram.com\/portal_vidro_certo\/\" target=\"_blank\">\n\t\t\t\t\t\t<span class=\"elementor-screen-only\">Instagram<\/span>\n\t\t\t\t\t\t<i aria-hidden=\"true\" class=\"fab fa-instagram\"><\/i>\t\t\t\t\t<\/a>\n\t\t\t\t<\/span>\n\t\t\t\t\t\t\t<span class=\"elementor-grid-item\" role=\"listitem\">\n\t\t\t\t\t<a class=\"elementor-icon elementor-social-icon elementor-social-icon-youtube elementor-animation-grow elementor-repeater-item-5cbb56a\" href=\"https:\/\/www.youtube.com\/channel\/UCa3dLbcf0VEyUZq6uoRqDjg\" target=\"_blank\">\n\t\t\t\t\t\t<span class=\"elementor-screen-only\">Youtube<\/span>\n\t\t\t\t\t\t<i aria-hidden=\"true\" class=\"fab fa-youtube\"><\/i>\t\t\t\t\t<\/a>\n\t\t\t\t<\/span>\n\t\t\t\t\t\t\t<span class=\"elementor-grid-item\" role=\"listitem\">\n\t\t\t\t\t<a class=\"elementor-icon elementor-social-icon elementor-social-icon-linkedin elementor-animation-grow elementor-repeater-item-6bc9cf4\" href=\"https:\/\/www.linkedin.com\/company\/portal-vidro-certo\/\" target=\"_blank\">\n\t\t\t\t\t\t<span class=\"elementor-screen-only\">Linkedin<\/span>\n\t\t\t\t\t\t<i aria-hidden=\"true\" class=\"fab fa-linkedin\"><\/i>\t\t\t\t\t<\/a>\n\t\t\t\t<\/span>\n\t\t\t\t\t<\/div>\n\t\t\t\t\t\t<\/div>\n\t\t\t\t<\/div>\n\t\t\t\t\t<\/div>\n\t\t<\/div>\n\t\t\t\t<div class=\"elementor-column elementor-col-50 elementor-top-column elementor-element elementor-element-0313a97\" data-id=\"0313a97\" data-element_type=\"column\" data-e-type=\"column\">\n\t\t\t<div class=\"elementor-widget-wrap elementor-element-populated\">\n\t\t\t\t\t\t<div class=\"elementor-element elementor-element-a3f7e68 elementor-widget elementor-widget-text-editor\" data-id=\"a3f7e68\" data-element_type=\"widget\" data-e-type=\"widget\" data-widget_type=\"text-editor.default\">\n\t\t\t\t<div class=\"elementor-widget-container\">\n\t\t\t\t\t\t\t\t\t<p>O portal Vidro Certo \u00e9 uma iniciativa da <a href=\"https:\/\/abividro.org.br\/\">ABIVIDRO<\/a>, e segue suas diretrizes de <a href=\"https:\/\/abividro.org.br\/politica-de-privacidade\/\">Pol\u00edtica de Privacidade.<\/a><\/p><div class=\"wpb_text_column wpb_content_element text-legal\"><div class=\"wpb_wrapper\"><p>O conte\u00fado fornecido para esta p\u00e1gina est\u00e1 dispon\u00edvel somente para fins informativos. A Abividro n\u00e3o se responsabiliza pelo conte\u00fado dos sites vinculados, bem como por suas pr\u00e1ticas individuais. Os sites cujos links s\u00e3o fornecidos em nossas p\u00e1ginas possuem seus pr\u00f3prios termos e condi\u00e7\u00f5es e pol\u00edticas de privacidade, e devem ser avaliados individualmente.\u00a0<a href=\"https:\/\/abividro.org.br\/abividro\/codigo-de-conduta\/\">Clique aqui<\/a>\u00a0e leia nosso C\u00f3digo de Conduta.<\/p><\/div><\/div>\t\t\t\t\t\t\t\t<\/div>\n\t\t\t\t<\/div>\n\t\t\t\t\t<\/div>\n\t\t<\/div>\n\t\t\t\t\t<\/div>\n\t\t<\/section>\n\t\t\t\t<\/div>\n\t\t","protected":false},"excerpt":{"rendered":"<p>FALE CONOSCO Facebook Instagram Youtube Linkedin O portal Vidro Certo \u00e9 uma iniciativa da ABIVIDRO, e segue suas diretrizes de Pol\u00edtica de Privacidade. O conte\u00fado fornecido para esta p\u00e1gina est\u00e1 dispon\u00edvel somente para fins informativos. A Abividro n\u00e3o se responsabiliza pelo conte\u00fado dos sites vinculados, bem como por suas pr\u00e1ticas individuais. Os sites cujos links s\u00e3o fornecidos em nossas p\u00e1ginas possuem seus pr\u00f3prios termos e condi\u00e7\u00f5es e pol\u00edticas de privacidade, e devem ser avaliados individualmente.\u00a0Clique aqui\u00a0e leia nosso C\u00f3digo de Conduta.<\/p>\n","protected":false},"author":1,"featured_media":0,"parent":0,"menu_order":0,"comment_status":"closed","ping_status":"closed","template":"elementor_header_footer","meta":{"inline_featured_image":false,"footnotes":""},"class_list":["post-429","page","type-page","status-publish","hentry"],"yoast_head":"<!-- This site is optimized with the Yoast SEO plugin v27.4 - https:\/\/yoast.com\/product\/yoast-seo-wordpress\/ -->\n<title>Fale Conosco - Vidro Certo<\/title>\n<meta name=\"robots\" content=\"index, follow, max-snippet:-1, max-image-preview:large, max-video-preview:-1\" \/>\n<link rel=\"canonical\" href=\"https:\/\/vidrocerto.org.br\/vc-novo\/fale-conosco\/\" \/>\n<meta property=\"og:locale\" content=\"pt_BR\" \/>\n<meta property=\"og:type\" content=\"article\" \/>\n<meta property=\"og:title\" content=\"Fale Conosco - Vidro Certo\" \/>\n<meta property=\"og:description\" content=\"FALE CONOSCO Facebook Instagram Youtube Linkedin O portal Vidro Certo \u00e9 uma iniciativa da ABIVIDRO, e segue suas diretrizes de Pol\u00edtica de Privacidade. O conte\u00fado fornecido para esta p\u00e1gina est\u00e1 dispon\u00edvel somente para fins informativos. A Abividro n\u00e3o se responsabiliza pelo conte\u00fado dos sites vinculados, bem como por suas pr\u00e1ticas individuais. Os sites cujos links s\u00e3o fornecidos em nossas p\u00e1ginas possuem seus pr\u00f3prios termos e condi\u00e7\u00f5es e pol\u00edticas de privacidade, e devem ser avaliados individualmente.\u00a0Clique aqui\u00a0e leia nosso C\u00f3digo de Conduta.\" \/>\n<meta property=\"og:url\" content=\"https:\/\/vidrocerto.org.br\/vc-novo\/fale-conosco\/\" \/>\n<meta property=\"og:site_name\" content=\"Vidro Certo\" \/>\n<meta property=\"article:publisher\" content=\"https:\/\/www.facebook.com\/profile.php?id=100063684271289\" \/>\n<meta property=\"article:modified_time\" content=\"2025-09-16T19:14:06+00:00\" \/>\n<meta property=\"og:image\" content=\"https:\/\/vidrocerto.org.br\/vc-novo\/wp-content\/uploads\/elementor\/thumbs\/logo_vidro_certo_300x300-q1kt6a779a4neds9zxvedav8opa3byfvepo9s4hxw0.png\" \/>\n<meta name=\"twitter:card\" content=\"summary_large_image\" \/>\n<meta name=\"twitter:label1\" content=\"Est. tempo de leitura\" \/>\n\t<meta name=\"twitter:data1\" content=\"1 minuto\" \/>\n<script type=\"application\/ld+json\" class=\"yoast-schema-graph\">{\"@context\":\"https:\\\/\\\/schema.org\",\"@graph\":[{\"@type\":\"WebPage\",\"@id\":\"https:\\\/\\\/vidrocerto.org.br\\\/vc-novo\\\/fale-conosco\\\/\",\"url\":\"https:\\\/\\\/vidrocerto.org.br\\\/vc-novo\\\/fale-conosco\\\/\",\"name\":\"Fale Conosco - Vidro Certo\",\"isPartOf\":{\"@id\":\"https:\\\/\\\/vidrocerto.org.br\\\/vc-novo\\\/#website\"},\"primaryImageOfPage\":{\"@id\":\"https:\\\/\\\/vidrocerto.org.br\\\/vc-novo\\\/fale-conosco\\\/#primaryimage\"},\"image\":{\"@id\":\"https:\\\/\\\/vidrocerto.org.br\\\/vc-novo\\\/fale-conosco\\\/#primaryimage\"},\"thumbnailUrl\":\"https:\\\/\\\/vidrocerto.org.br\\\/vc-novo\\\/wp-content\\\/uploads\\\/elementor\\\/thumbs\\\/logo_vidro_certo_300x300-q1kt6a779a4neds9zxvedav8opa3byfvepo9s4hxw0.png\",\"datePublished\":\"2021-08-17T01:48:33+00:00\",\"dateModified\":\"2025-09-16T19:14:06+00:00\",\"breadcrumb\":{\"@id\":\"https:\\\/\\\/vidrocerto.org.br\\\/vc-novo\\\/fale-conosco\\\/#breadcrumb\"},\"inLanguage\":\"pt-BR\",\"potentialAction\":[{\"@type\":\"ReadAction\",\"target\":[\"https:\\\/\\\/vidrocerto.org.br\\\/vc-novo\\\/fale-conosco\\\/\"]}]},{\"@type\":\"ImageObject\",\"inLanguage\":\"pt-BR\",\"@id\":\"https:\\\/\\\/vidrocerto.org.br\\\/vc-novo\\\/fale-conosco\\\/#primaryimage\",\"url\":\"https:\\\/\\\/vidrocerto.org.br\\\/vc-novo\\\/wp-content\\\/uploads\\\/elementor\\\/thumbs\\\/logo_vidro_certo_300x300-q1kt6a779a4neds9zxvedav8opa3byfvepo9s4hxw0.png\",\"contentUrl\":\"https:\\\/\\\/vidrocerto.org.br\\\/vc-novo\\\/wp-content\\\/uploads\\\/elementor\\\/thumbs\\\/logo_vidro_certo_300x300-q1kt6a779a4neds9zxvedav8opa3byfvepo9s4hxw0.png\"},{\"@type\":\"BreadcrumbList\",\"@id\":\"https:\\\/\\\/vidrocerto.org.br\\\/vc-novo\\\/fale-conosco\\\/#breadcrumb\",\"itemListElement\":[{\"@type\":\"ListItem\",\"position\":1,\"name\":\"In\u00edcio\",\"item\":\"https:\\\/\\\/vidrocerto.org.br\\\/vc-novo\\\/\"},{\"@type\":\"ListItem\",\"position\":2,\"name\":\"Fale Conosco\"}]},{\"@type\":\"WebSite\",\"@id\":\"https:\\\/\\\/vidrocerto.org.br\\\/vc-novo\\\/#website\",\"url\":\"https:\\\/\\\/vidrocerto.org.br\\\/vc-novo\\\/\",\"name\":\"Vidro Certo\",\"description\":\"Seu portal do vidro plano\",\"publisher\":{\"@id\":\"https:\\\/\\\/vidrocerto.org.br\\\/vc-novo\\\/#organization\"},\"potentialAction\":[{\"@type\":\"SearchAction\",\"target\":{\"@type\":\"EntryPoint\",\"urlTemplate\":\"https:\\\/\\\/vidrocerto.org.br\\\/vc-novo\\\/?s={search_term_string}\"},\"query-input\":{\"@type\":\"PropertyValueSpecification\",\"valueRequired\":true,\"valueName\":\"search_term_string\"}}],\"inLanguage\":\"pt-BR\"},{\"@type\":\"Organization\",\"@id\":\"https:\\\/\\\/vidrocerto.org.br\\\/vc-novo\\\/#organization\",\"name\":\"Vidro Certo\",\"url\":\"https:\\\/\\\/vidrocerto.org.br\\\/vc-novo\\\/\",\"logo\":{\"@type\":\"ImageObject\",\"inLanguage\":\"pt-BR\",\"@id\":\"https:\\\/\\\/vidrocerto.org.br\\\/vc-novo\\\/#\\\/schema\\\/logo\\\/image\\\/\",\"url\":\"https:\\\/\\\/vidrocerto.org.br\\\/vc-novo\\\/wp-content\\\/uploads\\\/2023\\\/02\\\/logo_vidro_certo_150x150.png\",\"contentUrl\":\"https:\\\/\\\/vidrocerto.org.br\\\/vc-novo\\\/wp-content\\\/uploads\\\/2023\\\/02\\\/logo_vidro_certo_150x150.png\",\"width\":150,\"height\":150,\"caption\":\"Vidro Certo\"},\"image\":{\"@id\":\"https:\\\/\\\/vidrocerto.org.br\\\/vc-novo\\\/#\\\/schema\\\/logo\\\/image\\\/\"},\"sameAs\":[\"https:\\\/\\\/www.facebook.com\\\/profile.php?id=100063684271289\",\"https:\\\/\\\/www.instagram.com\\\/\"]}]}<\/script>\n<!-- \/ Yoast SEO plugin. -->","yoast_head_json":{"title":"Fale Conosco - Vidro Certo","robots":{"index":"index","follow":"follow","max-snippet":"max-snippet:-1","max-image-preview":"max-image-preview:large","max-video-preview":"max-video-preview:-1"},"canonical":"https:\/\/vidrocerto.org.br\/vc-novo\/fale-conosco\/","og_locale":"pt_BR","og_type":"article","og_title":"Fale Conosco - Vidro Certo","og_description":"FALE CONOSCO Facebook Instagram Youtube Linkedin O portal Vidro Certo \u00e9 uma iniciativa da ABIVIDRO, e segue suas diretrizes de Pol\u00edtica de Privacidade. O conte\u00fado fornecido para esta p\u00e1gina est\u00e1 dispon\u00edvel somente para fins informativos. A Abividro n\u00e3o se responsabiliza pelo conte\u00fado dos sites vinculados, bem como por suas pr\u00e1ticas individuais. Os sites cujos links s\u00e3o fornecidos em nossas p\u00e1ginas possuem seus pr\u00f3prios termos e condi\u00e7\u00f5es e pol\u00edticas de privacidade, e devem ser avaliados individualmente.\u00a0Clique aqui\u00a0e leia nosso C\u00f3digo de Conduta.","og_url":"https:\/\/vidrocerto.org.br\/vc-novo\/fale-conosco\/","og_site_name":"Vidro Certo","article_publisher":"https:\/\/www.facebook.com\/profile.php?id=100063684271289","article_modified_time":"2025-09-16T19:14:06+00:00","og_image":[{"url":"https:\/\/vidrocerto.org.br\/vc-novo\/wp-content\/uploads\/elementor\/thumbs\/logo_vidro_certo_300x300-q1kt6a779a4neds9zxvedav8opa3byfvepo9s4hxw0.png","type":"","width":"","height":""}],"twitter_card":"summary_large_image","twitter_misc":{"Est. tempo de leitura":"1 minuto"},"schema":{"@context":"https:\/\/schema.org","@graph":[{"@type":"WebPage","@id":"https:\/\/vidrocerto.org.br\/vc-novo\/fale-conosco\/","url":"https:\/\/vidrocerto.org.br\/vc-novo\/fale-conosco\/","name":"Fale Conosco - Vidro Certo","isPartOf":{"@id":"https:\/\/vidrocerto.org.br\/vc-novo\/#website"},"primaryImageOfPage":{"@id":"https:\/\/vidrocerto.org.br\/vc-novo\/fale-conosco\/#primaryimage"},"image":{"@id":"https:\/\/vidrocerto.org.br\/vc-novo\/fale-conosco\/#primaryimage"},"thumbnailUrl":"https:\/\/vidrocerto.org.br\/vc-novo\/wp-content\/uploads\/elementor\/thumbs\/logo_vidro_certo_300x300-q1kt6a779a4neds9zxvedav8opa3byfvepo9s4hxw0.png","datePublished":"2021-08-17T01:48:33+00:00","dateModified":"2025-09-16T19:14:06+00:00","breadcrumb":{"@id":"https:\/\/vidrocerto.org.br\/vc-novo\/fale-conosco\/#breadcrumb"},"inLanguage":"pt-BR","potentialAction":[{"@type":"ReadAction","target":["https:\/\/vidrocerto.org.br\/vc-novo\/fale-conosco\/"]}]},{"@type":"ImageObject","inLanguage":"pt-BR","@id":"https:\/\/vidrocerto.org.br\/vc-novo\/fale-conosco\/#primaryimage","url":"https:\/\/vidrocerto.org.br\/vc-novo\/wp-content\/uploads\/elementor\/thumbs\/logo_vidro_certo_300x300-q1kt6a779a4neds9zxvedav8opa3byfvepo9s4hxw0.png","contentUrl":"https:\/\/vidrocerto.org.br\/vc-novo\/wp-content\/uploads\/elementor\/thumbs\/logo_vidro_certo_300x300-q1kt6a779a4neds9zxvedav8opa3byfvepo9s4hxw0.png"},{"@type":"BreadcrumbList","@id":"https:\/\/vidrocerto.org.br\/vc-novo\/fale-conosco\/#breadcrumb","itemListElement":[{"@type":"ListItem","position":1,"name":"In\u00edcio","item":"https:\/\/vidrocerto.org.br\/vc-novo\/"},{"@type":"ListItem","position":2,"name":"Fale Conosco"}]},{"@type":"WebSite","@id":"https:\/\/vidrocerto.org.br\/vc-novo\/#website","url":"https:\/\/vidrocerto.org.br\/vc-novo\/","name":"Vidro Certo","description":"Seu portal do vidro plano","publisher":{"@id":"https:\/\/vidrocerto.org.br\/vc-novo\/#organization"},"potentialAction":[{"@type":"SearchAction","target":{"@type":"EntryPoint","urlTemplate":"https:\/\/vidrocerto.org.br\/vc-novo\/?s={search_term_string}"},"query-input":{"@type":"PropertyValueSpecification","valueRequired":true,"valueName":"search_term_string"}}],"inLanguage":"pt-BR"},{"@type":"Organization","@id":"https:\/\/vidrocerto.org.br\/vc-novo\/#organization","name":"Vidro Certo","url":"https:\/\/vidrocerto.org.br\/vc-novo\/","logo":{"@type":"ImageObject","inLanguage":"pt-BR","@id":"https:\/\/vidrocerto.org.br\/vc-novo\/#\/schema\/logo\/image\/","url":"https:\/\/vidrocerto.org.br\/vc-novo\/wp-content\/uploads\/2023\/02\/logo_vidro_certo_150x150.png","contentUrl":"https:\/\/vidrocerto.org.br\/vc-novo\/wp-content\/uploads\/2023\/02\/logo_vidro_certo_150x150.png","width":150,"height":150,"caption":"Vidro Certo"},"image":{"@id":"https:\/\/vidrocerto.org.br\/vc-novo\/#\/schema\/logo\/image\/"},"sameAs":["https:\/\/www.facebook.com\/profile.php?id=100063684271289","https:\/\/www.instagram.com\/"]}]}},"_links":{"self":[{"href":"https:\/\/vidrocerto.org.br\/vc-novo\/wp-json\/wp\/v2\/pages\/429","targetHints":{"allow":["GET"]}}],"collection":[{"href":"https:\/\/vidrocerto.org.br\/vc-novo\/wp-json\/wp\/v2\/pages"}],"about":[{"href":"https:\/\/vidrocerto.org.br\/vc-novo\/wp-json\/wp\/v2\/types\/page"}],"author":[{"embeddable":true,"href":"https:\/\/vidrocerto.org.br\/vc-novo\/wp-json\/wp\/v2\/users\/1"}],"replies":[{"embeddable":true,"href":"https:\/\/vidrocerto.org.br\/vc-novo\/wp-json\/wp\/v2\/comments?post=429"}],"version-history":[{"count":3,"href":"https:\/\/vidrocerto.org.br\/vc-novo\/wp-json\/wp\/v2\/pages\/429\/revisions"}],"predecessor-version":[{"id":5961,"href":"https:\/\/vidrocerto.org.br\/vc-novo\/wp-json\/wp\/v2\/pages\/429\/revisions\/5961"}],"wp:attachment":[{"href":"https:\/\/vidrocerto.org.br\/vc-novo\/wp-json\/wp\/v2\/media?parent=429"}],"curies":[{"name":"wp","href":"https:\/\/api.w.org\/{rel}","templated":true}]}}