{"id":863,"date":"2021-08-19T01:26:30","date_gmt":"2021-08-19T01:26:30","guid":{"rendered":"https:\/\/vidrocerto.org.br\/vc-novo\/?page_id=863"},"modified":"2023-11-09T18:41:18","modified_gmt":"2023-11-09T18:41:18","slug":"vidro-ceramico","status":"publish","type":"page","link":"https:\/\/vidrocerto.org.br\/vc-novo\/vidro-ceramico\/","title":{"rendered":"Vidro Cer\u00e2mico"},"content":{"rendered":"\t\t<div data-elementor-type=\"wp-page\" data-elementor-id=\"863\" class=\"elementor elementor-863\" data-elementor-settings=\"{&quot;ha_cmc_init_switcher&quot;:&quot;no&quot;}\">\n\t\t\t\t\t\t<section class=\"elementor-section elementor-top-section elementor-element elementor-element-72ed3e6 elementor-section-boxed elementor-section-height-default elementor-section-height-default wpr-particle-no wpr-jarallax-no wpr-parallax-no wpr-sticky-section-no wpr-equal-height-no\" data-id=\"72ed3e6\" data-element_type=\"section\" data-e-type=\"section\" data-settings=\"{&quot;background_background&quot;:&quot;classic&quot;,&quot;_ha_eqh_enable&quot;:false}\">\n\t\t\t\t\t\t\t<div class=\"elementor-background-overlay\"><\/div>\n\t\t\t\t\t\t\t<div class=\"elementor-container elementor-column-gap-default\">\n\t\t\t\t\t<div class=\"elementor-column elementor-col-100 elementor-top-column elementor-element elementor-element-dfcf034\" data-id=\"dfcf034\" data-element_type=\"column\" data-e-type=\"column\">\n\t\t\t<div class=\"elementor-widget-wrap elementor-element-populated\">\n\t\t\t\t\t\t<div class=\"elementor-element elementor-element-36c9a42 elementor-widget elementor-widget-spacer\" data-id=\"36c9a42\" data-element_type=\"widget\" data-e-type=\"widget\" data-widget_type=\"spacer.default\">\n\t\t\t\t<div class=\"elementor-widget-container\">\n\t\t\t\t\t\t\t<div class=\"elementor-spacer\">\n\t\t\t<div class=\"elementor-spacer-inner\"><\/div>\n\t\t<\/div>\n\t\t\t\t\t\t<\/div>\n\t\t\t\t<\/div>\n\t\t\t\t<div class=\"elementor-element elementor-element-c13f1f4 elementor-invisible elementor-widget elementor-widget-heading\" data-id=\"c13f1f4\" data-element_type=\"widget\" data-e-type=\"widget\" data-settings=\"{&quot;_animation&quot;:&quot;fadeIn&quot;}\" data-widget_type=\"heading.default\">\n\t\t\t\t<div class=\"elementor-widget-container\">\n\t\t\t\t\t<h2 class=\"elementor-heading-title elementor-size-default\">VIDRO <STRONG>CER\u00c2MICO<\/h2>\t\t\t\t<\/div>\n\t\t\t\t<\/div>\n\t\t\t\t<div class=\"elementor-element elementor-element-6d0de32 elementor-hidden-phone elementor-widget elementor-widget-spacer\" data-id=\"6d0de32\" data-element_type=\"widget\" data-e-type=\"widget\" data-widget_type=\"spacer.default\">\n\t\t\t\t<div class=\"elementor-widget-container\">\n\t\t\t\t\t\t\t<div class=\"elementor-spacer\">\n\t\t\t<div class=\"elementor-spacer-inner\"><\/div>\n\t\t<\/div>\n\t\t\t\t\t\t<\/div>\n\t\t\t\t<\/div>\n\t\t\t\t\t<\/div>\n\t\t<\/div>\n\t\t\t\t\t<\/div>\n\t\t<\/section>\n\t\t\t\t<section class=\"elementor-section elementor-top-section elementor-element elementor-element-6418b0b elementor-section-boxed elementor-section-height-default elementor-section-height-default wpr-particle-no wpr-jarallax-no wpr-parallax-no wpr-sticky-section-no wpr-equal-height-no\" data-id=\"6418b0b\" data-element_type=\"section\" data-e-type=\"section\" data-settings=\"{&quot;_ha_eqh_enable&quot;:false}\">\n\t\t\t\t\t\t<div class=\"elementor-container elementor-column-gap-default\">\n\t\t\t\t\t<div class=\"elementor-column elementor-col-100 elementor-top-column elementor-element elementor-element-f17f1aa\" data-id=\"f17f1aa\" data-element_type=\"column\" data-e-type=\"column\" data-settings=\"{&quot;background_background&quot;:&quot;classic&quot;}\">\n\t\t\t<div class=\"elementor-widget-wrap elementor-element-populated\">\n\t\t\t\t\t\t<div class=\"elementor-element elementor-element-2ab692a elementor-widget elementor-widget-text-editor\" data-id=\"2ab692a\" data-element_type=\"widget\" data-e-type=\"widget\" data-widget_type=\"text-editor.default\">\n\t\t\t\t<div class=\"elementor-widget-container\">\n\t\t\t\t\t\t\t\t\t<p>O <b>vidro <\/b><b>cer\u00e2mico <\/b>\u00e9 a combina\u00e7\u00e3o de vidro com outros materiais como boro, l\u00edtio, alum\u00ednio e outros \u00f3xidos buscando reduzir a dilata\u00e7\u00e3o do vidro com a varia\u00e7\u00e3o de temperatura, pois ela pode levar \u00e0 sua quebra, e aumentar a resist\u00eancia \u00e0 choques t\u00e9rmicos e impacto.<\/p><p>Este material \u00e9 muito utilizado em cooktops, lareiras, churrasqueiras, fog\u00f5es, fornos e equipamentos industriais e vem ganhando espa\u00e7o na arquitetura com fachadas e pisos, e na \u00e1rea da sa\u00fade, no uso em dentes e implantes \u00f3sseos.<\/p><p>Assista ao v\u00eddeo sobre vidros aplicados a churrasqueiras e lareiras clicando <a href=\"ttps:\/\/www.youtube.com\/watch?v=kFcp1gsl_Sk&amp;feature=emb_rel_end\"><strong>aqui<\/strong><\/a><\/p><p>N\u00e3o confunda com os vidros cer\u00e2micos com os vidros resistentes a fogo que s\u00e3o usados para conten\u00e7\u00e3o de inc\u00eandios.<\/p>\t\t\t\t\t\t\t\t<\/div>\n\t\t\t\t<\/div>\n\t\t\t\t<div class=\"elementor-element elementor-element-d6e2495 animated-slow elementor-invisible elementor-widget elementor-widget-image\" data-id=\"d6e2495\" data-element_type=\"widget\" data-e-type=\"widget\" data-settings=\"{&quot;_animation&quot;:&quot;fadeIn&quot;}\" data-widget_type=\"image.default\">\n\t\t\t\t<div class=\"elementor-widget-container\">\n\t\t\t\t\t\t\t\t\t\t\t\t\t\t\t<img fetchpriority=\"high\" decoding=\"async\" width=\"580\" height=\"326\" src=\"https:\/\/vidrocerto.org.br\/vc-novo\/wp-content\/uploads\/2022\/08\/ceramico-1024x576.jpg\" class=\"attachment-large size-large wp-image-2744\" alt=\"\" srcset=\"https:\/\/vidrocerto.org.br\/vc-novo\/wp-content\/uploads\/2022\/08\/ceramico-1024x576.jpg 1024w, https:\/\/vidrocerto.org.br\/vc-novo\/wp-content\/uploads\/2022\/08\/ceramico-300x169.jpg 300w, https:\/\/vidrocerto.org.br\/vc-novo\/wp-content\/uploads\/2022\/08\/ceramico-768x432.jpg 768w, https:\/\/vidrocerto.org.br\/vc-novo\/wp-content\/uploads\/2022\/08\/ceramico-1200x675.jpg 1200w, https:\/\/vidrocerto.org.br\/vc-novo\/wp-content\/uploads\/2022\/08\/ceramico.jpg 1366w\" sizes=\"(max-width: 580px) 100vw, 580px\" \/>\t\t\t\t\t\t\t\t\t\t\t\t\t\t\t<\/div>\n\t\t\t\t<\/div>\n\t\t\t\t<div class=\"elementor-element elementor-element-5a0be97 elementor-hidden-desktop elementor-hidden-tablet elementor-hidden-mobile elementor-invisible elementor-widget elementor-widget-heading\" data-id=\"5a0be97\" data-element_type=\"widget\" data-e-type=\"widget\" data-settings=\"{&quot;_animation&quot;:&quot;fadeIn&quot;}\" data-widget_type=\"heading.default\">\n\t\t\t\t<div class=\"elementor-widget-container\">\n\t\t\t\t\t<h2 class=\"elementor-heading-title elementor-size-default\">CONTE\u00daDO<br>  <strong>CERTO! <\/strong><\/h2>\t\t\t\t<\/div>\n\t\t\t\t<\/div>\n\t\t\t\t<div class=\"elementor-element elementor-element-9a7d0db elementor-hidden-desktop elementor-hidden-tablet elementor-hidden-mobile elementor-widget elementor-widget-text-editor\" data-id=\"9a7d0db\" data-element_type=\"widget\" data-e-type=\"widget\" data-widget_type=\"text-editor.default\">\n\t\t\t\t<div class=\"elementor-widget-container\">\n\t\t\t\t\t\t\t\t\t<p class=\"p1\"><span class=\"s1\">Encontre o Guia ou Manual Certo para ajudar voc\u00ea a especificar corretamente o vidro na hora dos seus projeto!\u00a0<\/span><\/p>\t\t\t\t\t\t\t\t<\/div>\n\t\t\t\t<\/div>\n\t\t\t\t\t<\/div>\n\t\t<\/div>\n\t\t\t\t\t<\/div>\n\t\t<\/section>\n\t\t\t\t<section class=\"elementor-section elementor-top-section elementor-element elementor-element-a322e40 elementor-section-boxed elementor-section-height-default elementor-section-height-default wpr-particle-no wpr-jarallax-no wpr-parallax-no wpr-sticky-section-no wpr-equal-height-no\" data-id=\"a322e40\" data-element_type=\"section\" data-e-type=\"section\" data-settings=\"{&quot;background_background&quot;:&quot;classic&quot;,&quot;_ha_eqh_enable&quot;:false}\">\n\t\t\t\t\t\t<div class=\"elementor-container elementor-column-gap-default\">\n\t\t\t\t\t<div class=\"elementor-column elementor-col-50 elementor-top-column elementor-element elementor-element-992d25a\" data-id=\"992d25a\" data-element_type=\"column\" data-e-type=\"column\">\n\t\t\t<div class=\"elementor-widget-wrap elementor-element-populated\">\n\t\t\t\t\t\t<div class=\"elementor-element elementor-element-f587936 elementor-widget elementor-widget-image\" data-id=\"f587936\" data-element_type=\"widget\" data-e-type=\"widget\" data-widget_type=\"image.default\">\n\t\t\t\t<div class=\"elementor-widget-container\">\n\t\t\t\t\t\t\t\t\t\t\t\t\t\t\t<img decoding=\"async\" src=\"https:\/\/vidrocerto.org.br\/vc-novo\/wp-content\/uploads\/elementor\/thumbs\/logo_vidro_certo_300x300-q1kt6a779a4neds9zxvedav8opa3byfvepo9s4hxw0.png\" title=\"logo_vidro_certo_300x300\" alt=\"logo_vidro_certo_300x300\" loading=\"lazy\" \/>\t\t\t\t\t\t\t\t\t\t\t\t\t\t\t<\/div>\n\t\t\t\t<\/div>\n\t\t\t\t<div class=\"elementor-element elementor-element-9447822 elementor-shape-square elementor-grid-0 e-grid-align-center elementor-widget elementor-widget-social-icons\" data-id=\"9447822\" data-element_type=\"widget\" data-e-type=\"widget\" data-widget_type=\"social-icons.default\">\n\t\t\t\t<div class=\"elementor-widget-container\">\n\t\t\t\t\t\t\t<div class=\"elementor-social-icons-wrapper elementor-grid\" role=\"list\">\n\t\t\t\t\t\t\t<span class=\"elementor-grid-item\" role=\"listitem\">\n\t\t\t\t\t<a class=\"elementor-icon elementor-social-icon elementor-social-icon-facebook elementor-animation-grow elementor-repeater-item-e7ce608\" href=\"https:\/\/www.facebook.com\/Portal-Vidro-Certo-102213554940748\" target=\"_blank\">\n\t\t\t\t\t\t<span class=\"elementor-screen-only\">Facebook<\/span>\n\t\t\t\t\t\t<i aria-hidden=\"true\" class=\"fab fa-facebook\"><\/i>\t\t\t\t\t<\/a>\n\t\t\t\t<\/span>\n\t\t\t\t\t\t\t<span class=\"elementor-grid-item\" role=\"listitem\">\n\t\t\t\t\t<a class=\"elementor-icon elementor-social-icon elementor-social-icon-instagram elementor-animation-grow elementor-repeater-item-eca31ca\" href=\"https:\/\/www.instagram.com\/portal_vidro_certo\/\" target=\"_blank\">\n\t\t\t\t\t\t<span class=\"elementor-screen-only\">Instagram<\/span>\n\t\t\t\t\t\t<i aria-hidden=\"true\" class=\"fab fa-instagram\"><\/i>\t\t\t\t\t<\/a>\n\t\t\t\t<\/span>\n\t\t\t\t\t\t\t<span class=\"elementor-grid-item\" role=\"listitem\">\n\t\t\t\t\t<a class=\"elementor-icon elementor-social-icon elementor-social-icon-youtube elementor-animation-grow elementor-repeater-item-5cbb56a\" href=\"https:\/\/www.youtube.com\/channel\/UCa3dLbcf0VEyUZq6uoRqDjg\" target=\"_blank\">\n\t\t\t\t\t\t<span class=\"elementor-screen-only\">Youtube<\/span>\n\t\t\t\t\t\t<i aria-hidden=\"true\" class=\"fab fa-youtube\"><\/i>\t\t\t\t\t<\/a>\n\t\t\t\t<\/span>\n\t\t\t\t\t\t\t<span class=\"elementor-grid-item\" role=\"listitem\">\n\t\t\t\t\t<a class=\"elementor-icon elementor-social-icon elementor-social-icon-linkedin elementor-animation-grow elementor-repeater-item-6bc9cf4\" href=\"https:\/\/www.linkedin.com\/company\/portal-vidro-certo\/\" target=\"_blank\">\n\t\t\t\t\t\t<span class=\"elementor-screen-only\">Linkedin<\/span>\n\t\t\t\t\t\t<i aria-hidden=\"true\" class=\"fab fa-linkedin\"><\/i>\t\t\t\t\t<\/a>\n\t\t\t\t<\/span>\n\t\t\t\t\t<\/div>\n\t\t\t\t\t\t<\/div>\n\t\t\t\t<\/div>\n\t\t\t\t\t<\/div>\n\t\t<\/div>\n\t\t\t\t<div class=\"elementor-column elementor-col-50 elementor-top-column elementor-element elementor-element-c350c66\" data-id=\"c350c66\" data-element_type=\"column\" data-e-type=\"column\">\n\t\t\t<div class=\"elementor-widget-wrap elementor-element-populated\">\n\t\t\t\t\t\t<div class=\"elementor-element elementor-element-223db8c elementor-widget elementor-widget-text-editor\" data-id=\"223db8c\" data-element_type=\"widget\" data-e-type=\"widget\" data-widget_type=\"text-editor.default\">\n\t\t\t\t<div class=\"elementor-widget-container\">\n\t\t\t\t\t\t\t\t\t<p>O portal Vidro Certo \u00e9 uma iniciativa da <a href=\"https:\/\/abividro.org.br\/\">ABIVIDRO<\/a>, e segue suas diretrizes de <a href=\"https:\/\/abividro.org.br\/politica-de-privacidade\/\">Pol\u00edtica de Privacidade.<\/a><\/p><div class=\"wpb_text_column wpb_content_element text-legal\"><div class=\"wpb_wrapper\"><p>O conte\u00fado fornecido para esta p\u00e1gina est\u00e1 dispon\u00edvel somente para fins informativos. A Abividro n\u00e3o se responsabiliza pelo conte\u00fado dos sites vinculados, bem como por suas pr\u00e1ticas individuais. Os sites cujos links s\u00e3o fornecidos em nossas p\u00e1ginas possuem seus pr\u00f3prios termos e condi\u00e7\u00f5es e pol\u00edticas de privacidade, e devem ser avaliados individualmente.\u00a0<a href=\"https:\/\/abividro.org.br\/abividro\/codigo-de-conduta\/\">Clique aqui<\/a>\u00a0e leia nosso C\u00f3digo de Conduta.<\/p><\/div><\/div>\t\t\t\t\t\t\t\t<\/div>\n\t\t\t\t<\/div>\n\t\t\t\t\t<\/div>\n\t\t<\/div>\n\t\t\t\t\t<\/div>\n\t\t<\/section>\n\t\t\t\t<\/div>\n\t\t","protected":false},"excerpt":{"rendered":"<p>VIDRO CER\u00c2MICO O vidro cer\u00e2mico \u00e9 a combina\u00e7\u00e3o de vidro com outros materiais como boro, l\u00edtio, alum\u00ednio e outros \u00f3xidos buscando reduzir a dilata\u00e7\u00e3o do vidro com a varia\u00e7\u00e3o de temperatura, pois ela pode levar \u00e0 sua quebra, e aumentar a resist\u00eancia \u00e0 choques t\u00e9rmicos e impacto. Este material \u00e9 muito utilizado em cooktops, lareiras, churrasqueiras, fog\u00f5es, fornos e equipamentos industriais e vem ganhando espa\u00e7o na arquitetura com fachadas e pisos, e na \u00e1rea da sa\u00fade, no uso em dentes e implantes \u00f3sseos. Assista ao v\u00eddeo sobre vidros aplicados a churrasqueiras e lareiras clicando aqui N\u00e3o confunda com os vidros cer\u00e2micos com os vidros resistentes a fogo que s\u00e3o usados para conten\u00e7\u00e3o de inc\u00eandios. CONTE\u00daDO CERTO! Encontre o Guia ou Manual Certo para ajudar voc\u00ea a especificar corretamente o vidro na hora dos seus projeto!\u00a0 Facebook Instagram Youtube Linkedin O portal Vidro Certo \u00e9 uma iniciativa da ABIVIDRO, e segue suas diretrizes de Pol\u00edtica de Privacidade. O conte\u00fado fornecido para esta p\u00e1gina est\u00e1 dispon\u00edvel somente para fins informativos. A Abividro n\u00e3o se responsabiliza pelo conte\u00fado dos sites vinculados, bem como por suas pr\u00e1ticas individuais. Os sites cujos links s\u00e3o fornecidos em nossas p\u00e1ginas possuem seus pr\u00f3prios termos e condi\u00e7\u00f5es e pol\u00edticas de privacidade, e devem ser avaliados individualmente.\u00a0Clique aqui\u00a0e leia nosso C\u00f3digo de Conduta.<\/p>\n","protected":false},"author":1,"featured_media":0,"parent":0,"menu_order":0,"comment_status":"closed","ping_status":"closed","template":"elementor_header_footer","meta":{"inline_featured_image":false,"footnotes":""},"class_list":["post-863","page","type-page","status-publish","hentry"],"yoast_head":"<!-- This site is optimized with the Yoast SEO plugin v27.4 - https:\/\/yoast.com\/product\/yoast-seo-wordpress\/ -->\n<title>Vidro Cer\u00e2mico - Vidro Certo<\/title>\n<meta name=\"robots\" content=\"index, follow, max-snippet:-1, max-image-preview:large, max-video-preview:-1\" \/>\n<link rel=\"canonical\" href=\"https:\/\/vidrocerto.org.br\/vc-novo\/vidro-ceramico\/\" \/>\n<meta property=\"og:locale\" content=\"pt_BR\" \/>\n<meta property=\"og:type\" content=\"article\" \/>\n<meta property=\"og:title\" content=\"Vidro Cer\u00e2mico - Vidro Certo\" \/>\n<meta property=\"og:description\" content=\"VIDRO CER\u00c2MICO O vidro cer\u00e2mico \u00e9 a combina\u00e7\u00e3o de vidro com outros materiais como boro, l\u00edtio, alum\u00ednio e outros \u00f3xidos buscando reduzir a dilata\u00e7\u00e3o do vidro com a varia\u00e7\u00e3o de temperatura, pois ela pode levar \u00e0 sua quebra, e aumentar a resist\u00eancia \u00e0 choques t\u00e9rmicos e impacto. Este material \u00e9 muito utilizado em cooktops, lareiras, churrasqueiras, fog\u00f5es, fornos e equipamentos industriais e vem ganhando espa\u00e7o na arquitetura com fachadas e pisos, e na \u00e1rea da sa\u00fade, no uso em dentes e implantes \u00f3sseos. Assista ao v\u00eddeo sobre vidros aplicados a churrasqueiras e lareiras clicando aqui N\u00e3o confunda com os vidros cer\u00e2micos com os vidros resistentes a fogo que s\u00e3o usados para conten\u00e7\u00e3o de inc\u00eandios. CONTE\u00daDO CERTO! Encontre o Guia ou Manual Certo para ajudar voc\u00ea a especificar corretamente o vidro na hora dos seus projeto!\u00a0 Facebook Instagram Youtube Linkedin O portal Vidro Certo \u00e9 uma iniciativa da ABIVIDRO, e segue suas diretrizes de Pol\u00edtica de Privacidade. O conte\u00fado fornecido para esta p\u00e1gina est\u00e1 dispon\u00edvel somente para fins informativos. A Abividro n\u00e3o se responsabiliza pelo conte\u00fado dos sites vinculados, bem como por suas pr\u00e1ticas individuais. Os sites cujos links s\u00e3o fornecidos em nossas p\u00e1ginas possuem seus pr\u00f3prios termos e condi\u00e7\u00f5es e pol\u00edticas de privacidade, e devem ser avaliados individualmente.\u00a0Clique aqui\u00a0e leia nosso C\u00f3digo de Conduta.\" \/>\n<meta property=\"og:url\" content=\"https:\/\/vidrocerto.org.br\/vc-novo\/vidro-ceramico\/\" \/>\n<meta property=\"og:site_name\" content=\"Vidro Certo\" \/>\n<meta property=\"article:publisher\" content=\"https:\/\/www.facebook.com\/profile.php?id=100063684271289\" \/>\n<meta property=\"article:modified_time\" content=\"2023-11-09T18:41:18+00:00\" \/>\n<meta property=\"og:image\" content=\"https:\/\/vidrocerto.org.br\/vc-novo\/wp-content\/uploads\/2022\/08\/ceramico-1024x576.jpg\" \/>\n<meta name=\"twitter:card\" content=\"summary_large_image\" \/>\n<meta name=\"twitter:label1\" content=\"Est. tempo de leitura\" \/>\n\t<meta name=\"twitter:data1\" content=\"2 minutos\" \/>\n<script type=\"application\/ld+json\" class=\"yoast-schema-graph\">{\"@context\":\"https:\\\/\\\/schema.org\",\"@graph\":[{\"@type\":\"WebPage\",\"@id\":\"https:\\\/\\\/vidrocerto.org.br\\\/vc-novo\\\/vidro-ceramico\\\/\",\"url\":\"https:\\\/\\\/vidrocerto.org.br\\\/vc-novo\\\/vidro-ceramico\\\/\",\"name\":\"Vidro Cer\u00e2mico - Vidro Certo\",\"isPartOf\":{\"@id\":\"https:\\\/\\\/vidrocerto.org.br\\\/vc-novo\\\/#website\"},\"primaryImageOfPage\":{\"@id\":\"https:\\\/\\\/vidrocerto.org.br\\\/vc-novo\\\/vidro-ceramico\\\/#primaryimage\"},\"image\":{\"@id\":\"https:\\\/\\\/vidrocerto.org.br\\\/vc-novo\\\/vidro-ceramico\\\/#primaryimage\"},\"thumbnailUrl\":\"https:\\\/\\\/vidrocerto.org.br\\\/vc-novo\\\/wp-content\\\/uploads\\\/2022\\\/08\\\/ceramico-1024x576.jpg\",\"datePublished\":\"2021-08-19T01:26:30+00:00\",\"dateModified\":\"2023-11-09T18:41:18+00:00\",\"breadcrumb\":{\"@id\":\"https:\\\/\\\/vidrocerto.org.br\\\/vc-novo\\\/vidro-ceramico\\\/#breadcrumb\"},\"inLanguage\":\"pt-BR\",\"potentialAction\":[{\"@type\":\"ReadAction\",\"target\":[\"https:\\\/\\\/vidrocerto.org.br\\\/vc-novo\\\/vidro-ceramico\\\/\"]}]},{\"@type\":\"ImageObject\",\"inLanguage\":\"pt-BR\",\"@id\":\"https:\\\/\\\/vidrocerto.org.br\\\/vc-novo\\\/vidro-ceramico\\\/#primaryimage\",\"url\":\"https:\\\/\\\/vidrocerto.org.br\\\/vc-novo\\\/wp-content\\\/uploads\\\/2022\\\/08\\\/ceramico.jpg\",\"contentUrl\":\"https:\\\/\\\/vidrocerto.org.br\\\/vc-novo\\\/wp-content\\\/uploads\\\/2022\\\/08\\\/ceramico.jpg\",\"width\":1366,\"height\":768},{\"@type\":\"BreadcrumbList\",\"@id\":\"https:\\\/\\\/vidrocerto.org.br\\\/vc-novo\\\/vidro-ceramico\\\/#breadcrumb\",\"itemListElement\":[{\"@type\":\"ListItem\",\"position\":1,\"name\":\"In\u00edcio\",\"item\":\"https:\\\/\\\/vidrocerto.org.br\\\/vc-novo\\\/\"},{\"@type\":\"ListItem\",\"position\":2,\"name\":\"Vidro Cer\u00e2mico\"}]},{\"@type\":\"WebSite\",\"@id\":\"https:\\\/\\\/vidrocerto.org.br\\\/vc-novo\\\/#website\",\"url\":\"https:\\\/\\\/vidrocerto.org.br\\\/vc-novo\\\/\",\"name\":\"Vidro Certo\",\"description\":\"Seu portal do vidro plano\",\"publisher\":{\"@id\":\"https:\\\/\\\/vidrocerto.org.br\\\/vc-novo\\\/#organization\"},\"potentialAction\":[{\"@type\":\"SearchAction\",\"target\":{\"@type\":\"EntryPoint\",\"urlTemplate\":\"https:\\\/\\\/vidrocerto.org.br\\\/vc-novo\\\/?s={search_term_string}\"},\"query-input\":{\"@type\":\"PropertyValueSpecification\",\"valueRequired\":true,\"valueName\":\"search_term_string\"}}],\"inLanguage\":\"pt-BR\"},{\"@type\":\"Organization\",\"@id\":\"https:\\\/\\\/vidrocerto.org.br\\\/vc-novo\\\/#organization\",\"name\":\"Vidro Certo\",\"url\":\"https:\\\/\\\/vidrocerto.org.br\\\/vc-novo\\\/\",\"logo\":{\"@type\":\"ImageObject\",\"inLanguage\":\"pt-BR\",\"@id\":\"https:\\\/\\\/vidrocerto.org.br\\\/vc-novo\\\/#\\\/schema\\\/logo\\\/image\\\/\",\"url\":\"https:\\\/\\\/vidrocerto.org.br\\\/vc-novo\\\/wp-content\\\/uploads\\\/2023\\\/02\\\/logo_vidro_certo_150x150.png\",\"contentUrl\":\"https:\\\/\\\/vidrocerto.org.br\\\/vc-novo\\\/wp-content\\\/uploads\\\/2023\\\/02\\\/logo_vidro_certo_150x150.png\",\"width\":150,\"height\":150,\"caption\":\"Vidro Certo\"},\"image\":{\"@id\":\"https:\\\/\\\/vidrocerto.org.br\\\/vc-novo\\\/#\\\/schema\\\/logo\\\/image\\\/\"},\"sameAs\":[\"https:\\\/\\\/www.facebook.com\\\/profile.php?id=100063684271289\",\"https:\\\/\\\/www.instagram.com\\\/\"]}]}<\/script>\n<!-- \/ Yoast SEO plugin. -->","yoast_head_json":{"title":"Vidro Cer\u00e2mico - Vidro Certo","robots":{"index":"index","follow":"follow","max-snippet":"max-snippet:-1","max-image-preview":"max-image-preview:large","max-video-preview":"max-video-preview:-1"},"canonical":"https:\/\/vidrocerto.org.br\/vc-novo\/vidro-ceramico\/","og_locale":"pt_BR","og_type":"article","og_title":"Vidro Cer\u00e2mico - Vidro Certo","og_description":"VIDRO CER\u00c2MICO O vidro cer\u00e2mico \u00e9 a combina\u00e7\u00e3o de vidro com outros materiais como boro, l\u00edtio, alum\u00ednio e outros \u00f3xidos buscando reduzir a dilata\u00e7\u00e3o do vidro com a varia\u00e7\u00e3o de temperatura, pois ela pode levar \u00e0 sua quebra, e aumentar a resist\u00eancia \u00e0 choques t\u00e9rmicos e impacto. Este material \u00e9 muito utilizado em cooktops, lareiras, churrasqueiras, fog\u00f5es, fornos e equipamentos industriais e vem ganhando espa\u00e7o na arquitetura com fachadas e pisos, e na \u00e1rea da sa\u00fade, no uso em dentes e implantes \u00f3sseos. Assista ao v\u00eddeo sobre vidros aplicados a churrasqueiras e lareiras clicando aqui N\u00e3o confunda com os vidros cer\u00e2micos com os vidros resistentes a fogo que s\u00e3o usados para conten\u00e7\u00e3o de inc\u00eandios. CONTE\u00daDO CERTO! Encontre o Guia ou Manual Certo para ajudar voc\u00ea a especificar corretamente o vidro na hora dos seus projeto!\u00a0 Facebook Instagram Youtube Linkedin O portal Vidro Certo \u00e9 uma iniciativa da ABIVIDRO, e segue suas diretrizes de Pol\u00edtica de Privacidade. O conte\u00fado fornecido para esta p\u00e1gina est\u00e1 dispon\u00edvel somente para fins informativos. A Abividro n\u00e3o se responsabiliza pelo conte\u00fado dos sites vinculados, bem como por suas pr\u00e1ticas individuais. Os sites cujos links s\u00e3o fornecidos em nossas p\u00e1ginas possuem seus pr\u00f3prios termos e condi\u00e7\u00f5es e pol\u00edticas de privacidade, e devem ser avaliados individualmente.\u00a0Clique aqui\u00a0e leia nosso C\u00f3digo de Conduta.","og_url":"https:\/\/vidrocerto.org.br\/vc-novo\/vidro-ceramico\/","og_site_name":"Vidro Certo","article_publisher":"https:\/\/www.facebook.com\/profile.php?id=100063684271289","article_modified_time":"2023-11-09T18:41:18+00:00","og_image":[{"url":"https:\/\/vidrocerto.org.br\/vc-novo\/wp-content\/uploads\/2022\/08\/ceramico-1024x576.jpg","type":"","width":"","height":""}],"twitter_card":"summary_large_image","twitter_misc":{"Est. tempo de leitura":"2 minutos"},"schema":{"@context":"https:\/\/schema.org","@graph":[{"@type":"WebPage","@id":"https:\/\/vidrocerto.org.br\/vc-novo\/vidro-ceramico\/","url":"https:\/\/vidrocerto.org.br\/vc-novo\/vidro-ceramico\/","name":"Vidro Cer\u00e2mico - Vidro Certo","isPartOf":{"@id":"https:\/\/vidrocerto.org.br\/vc-novo\/#website"},"primaryImageOfPage":{"@id":"https:\/\/vidrocerto.org.br\/vc-novo\/vidro-ceramico\/#primaryimage"},"image":{"@id":"https:\/\/vidrocerto.org.br\/vc-novo\/vidro-ceramico\/#primaryimage"},"thumbnailUrl":"https:\/\/vidrocerto.org.br\/vc-novo\/wp-content\/uploads\/2022\/08\/ceramico-1024x576.jpg","datePublished":"2021-08-19T01:26:30+00:00","dateModified":"2023-11-09T18:41:18+00:00","breadcrumb":{"@id":"https:\/\/vidrocerto.org.br\/vc-novo\/vidro-ceramico\/#breadcrumb"},"inLanguage":"pt-BR","potentialAction":[{"@type":"ReadAction","target":["https:\/\/vidrocerto.org.br\/vc-novo\/vidro-ceramico\/"]}]},{"@type":"ImageObject","inLanguage":"pt-BR","@id":"https:\/\/vidrocerto.org.br\/vc-novo\/vidro-ceramico\/#primaryimage","url":"https:\/\/vidrocerto.org.br\/vc-novo\/wp-content\/uploads\/2022\/08\/ceramico.jpg","contentUrl":"https:\/\/vidrocerto.org.br\/vc-novo\/wp-content\/uploads\/2022\/08\/ceramico.jpg","width":1366,"height":768},{"@type":"BreadcrumbList","@id":"https:\/\/vidrocerto.org.br\/vc-novo\/vidro-ceramico\/#breadcrumb","itemListElement":[{"@type":"ListItem","position":1,"name":"In\u00edcio","item":"https:\/\/vidrocerto.org.br\/vc-novo\/"},{"@type":"ListItem","position":2,"name":"Vidro Cer\u00e2mico"}]},{"@type":"WebSite","@id":"https:\/\/vidrocerto.org.br\/vc-novo\/#website","url":"https:\/\/vidrocerto.org.br\/vc-novo\/","name":"Vidro Certo","description":"Seu portal do vidro plano","publisher":{"@id":"https:\/\/vidrocerto.org.br\/vc-novo\/#organization"},"potentialAction":[{"@type":"SearchAction","target":{"@type":"EntryPoint","urlTemplate":"https:\/\/vidrocerto.org.br\/vc-novo\/?s={search_term_string}"},"query-input":{"@type":"PropertyValueSpecification","valueRequired":true,"valueName":"search_term_string"}}],"inLanguage":"pt-BR"},{"@type":"Organization","@id":"https:\/\/vidrocerto.org.br\/vc-novo\/#organization","name":"Vidro Certo","url":"https:\/\/vidrocerto.org.br\/vc-novo\/","logo":{"@type":"ImageObject","inLanguage":"pt-BR","@id":"https:\/\/vidrocerto.org.br\/vc-novo\/#\/schema\/logo\/image\/","url":"https:\/\/vidrocerto.org.br\/vc-novo\/wp-content\/uploads\/2023\/02\/logo_vidro_certo_150x150.png","contentUrl":"https:\/\/vidrocerto.org.br\/vc-novo\/wp-content\/uploads\/2023\/02\/logo_vidro_certo_150x150.png","width":150,"height":150,"caption":"Vidro Certo"},"image":{"@id":"https:\/\/vidrocerto.org.br\/vc-novo\/#\/schema\/logo\/image\/"},"sameAs":["https:\/\/www.facebook.com\/profile.php?id=100063684271289","https:\/\/www.instagram.com\/"]}]}},"_links":{"self":[{"href":"https:\/\/vidrocerto.org.br\/vc-novo\/wp-json\/wp\/v2\/pages\/863","targetHints":{"allow":["GET"]}}],"collection":[{"href":"https:\/\/vidrocerto.org.br\/vc-novo\/wp-json\/wp\/v2\/pages"}],"about":[{"href":"https:\/\/vidrocerto.org.br\/vc-novo\/wp-json\/wp\/v2\/types\/page"}],"author":[{"embeddable":true,"href":"https:\/\/vidrocerto.org.br\/vc-novo\/wp-json\/wp\/v2\/users\/1"}],"replies":[{"embeddable":true,"href":"https:\/\/vidrocerto.org.br\/vc-novo\/wp-json\/wp\/v2\/comments?post=863"}],"version-history":[{"count":0,"href":"https:\/\/vidrocerto.org.br\/vc-novo\/wp-json\/wp\/v2\/pages\/863\/revisions"}],"wp:attachment":[{"href":"https:\/\/vidrocerto.org.br\/vc-novo\/wp-json\/wp\/v2\/media?parent=863"}],"curies":[{"name":"wp","href":"https:\/\/api.w.org\/{rel}","templated":true}]}}